{"id":46931,"date":"2017-01-27T03:45:19","date_gmt":"2017-01-27T03:45:19","guid":{"rendered":"http:\/\/earthcaravan.sakura.ne.jp\/TaoShiatsuTherapy\/?page_id=46931\/"},"modified":"2020-12-22T14:04:48","modified_gmt":"2020-12-22T14:04:48","slug":"tao-shiatsu-intensive-study","status":"publish","type":"page","link":"https:\/\/taoshiatsutherapy.com\/fr\/tao-shiatsu-intensive-study\/","title":{"rendered":"\u00c9tudes intensives en Tao Shiatsu"},"content":{"rendered":"<h1>Du 16 au 22 avril\u00a02017<\/h1>\n<p class=\"p1\"><span class=\"s1\">\u00c9tudiez le Tao Shiatsu \u00e0 Tokyo, le c\u0153ur culturel du Japon. Tout le monde est le bienvenu, de l\u2019\u00e9tudiant qui d\u00e9bute dans la pratique du shiatsu, au praticien avanc\u00e9. C\u2019est une opportunit\u00e9 sp\u00e9ciale d\u2019\u00e9tudier le Tao Shiatsu avec Ma\u00eetre Endo Ryokyo et avec enseignant principal, Alex Pereklita.<\/span><\/p>\n<p class=\"p1\"><span class=\"s1\">Prix : 700 $ US, plus frais d\u2019h\u00e9bergement<\/span><\/p>\n<p class=\"p1\"><span class=\"s1\">Note : Nous ferons les d\u00e9marches pour l\u2019h\u00e9bergement selon votre pr\u00e9f\u00e9rence, soit une maison des invit\u00e9s ou un h\u00f4tel.<\/span><\/p>\n<h1 style=\"text-align: center;\"><span class=\"s1\">\u00c9tudes intensives en Tao Shiatsu<\/span><\/h1>\n<h1 style=\"text-align: center;\"><span class=\"s1\">Formulaire de r\u00e9servation<\/span><\/h1>\n<p class=\"p1\" style=\"text-align: center;\"><span class=\"s1\">Veuillez remplir le formulaire qui suit, ou nous appeler, au +1 (416) 925-7575 pour de plus amples informations.<\/span><\/p>\n","protected":false},"excerpt":{"rendered":"<p>Du 16 au 22 avril\u00a02017 \u00c9tudiez le Tao Shiatsu \u00e0 Tokyo, le c\u0153ur culturel du Japon. Tout le monde est le bienvenu, de l\u2019\u00e9tudiant qui d\u00e9bute dans la pratique du shiatsu, au praticien avanc\u00e9. C\u2019est une opportunit\u00e9 sp\u00e9ciale d\u2019\u00e9tudier le Tao Shiatsu avec Ma\u00eetre Endo Ryokyo et avec enseignant principal, Alex Pereklita. Prix : 700 [&hellip;]<\/p>\n","protected":false},"author":3,"featured_media":0,"parent":0,"menu_order":0,"comment_status":"closed","ping_status":"closed","template":"","meta":{"_monsterinsights_skip_tracking":false,"_monsterinsights_sitenote_active":false,"_monsterinsights_sitenote_note":"","_monsterinsights_sitenote_category":0,"footnotes":""},"class_list":["post-46931","page","type-page","status-publish","hentry"],"aioseo_notices":[],"yoast_head":"<!-- This site is optimized with the Yoast SEO plugin v26.8 - https:\/\/yoast.com\/product\/yoast-seo-wordpress\/ -->\n<title>\u00c9tudes intensives en Tao Shiatsu - Tao Shiatsu Therapy<\/title>\n<meta name=\"robots\" content=\"index, follow, max-snippet:-1, max-image-preview:large, max-video-preview:-1\" \/>\n<link rel=\"canonical\" href=\"https:\/\/taoshiatsutherapy.com\/fr\/tao-shiatsu-intensive-study\/\" \/>\n<meta property=\"og:locale\" content=\"fr_FR\" \/>\n<meta property=\"og:type\" content=\"article\" \/>\n<meta property=\"og:title\" content=\"\u00c9tudes intensives en Tao Shiatsu - Tao Shiatsu Therapy\" \/>\n<meta property=\"og:description\" content=\"Du 16 au 22 avril\u00a02017 \u00c9tudiez le Tao Shiatsu \u00e0 Tokyo, le c\u0153ur culturel du Japon. Tout le monde est le bienvenu, de l\u2019\u00e9tudiant qui d\u00e9bute dans la pratique du shiatsu, au praticien avanc\u00e9. C\u2019est une opportunit\u00e9 sp\u00e9ciale d\u2019\u00e9tudier le Tao Shiatsu avec Ma\u00eetre Endo Ryokyo et avec enseignant principal, Alex Pereklita. Prix : 700 [&hellip;]\" \/>\n<meta property=\"og:url\" content=\"https:\/\/taoshiatsutherapy.com\/fr\/tao-shiatsu-intensive-study\/\" \/>\n<meta property=\"og:site_name\" content=\"Tao Shiatsu Therapy\" \/>\n<meta property=\"article:publisher\" content=\"https:\/\/www.facebook.com\/TaoSanghaGlobalCommunity\/\" \/>\n<meta property=\"article:modified_time\" content=\"2020-12-22T14:04:48+00:00\" \/>\n<meta name=\"twitter:card\" content=\"summary_large_image\" \/>\n<meta name=\"twitter:label1\" content=\"Dur\u00e9e de lecture estim\u00e9e\" \/>\n\t<meta name=\"twitter:data1\" content=\"1 minute\" \/>\n<script type=\"application\/ld+json\" class=\"yoast-schema-graph\">{\"@context\":\"https:\/\/schema.org\",\"@graph\":[{\"@type\":\"WebPage\",\"@id\":\"https:\/\/taoshiatsutherapy.com\/fr\/tao-shiatsu-intensive-study\/\",\"url\":\"https:\/\/taoshiatsutherapy.com\/fr\/tao-shiatsu-intensive-study\/\",\"name\":\"\u00c9tudes intensives en Tao Shiatsu - Tao Shiatsu Therapy\",\"isPartOf\":{\"@id\":\"https:\/\/taoshiatsutherapy.com\/fr\/#website\"},\"datePublished\":\"2017-01-27T03:45:19+00:00\",\"dateModified\":\"2020-12-22T14:04:48+00:00\",\"breadcrumb\":{\"@id\":\"https:\/\/taoshiatsutherapy.com\/fr\/tao-shiatsu-intensive-study\/#breadcrumb\"},\"inLanguage\":\"fr-FR\",\"potentialAction\":[{\"@type\":\"ReadAction\",\"target\":[\"https:\/\/taoshiatsutherapy.com\/fr\/tao-shiatsu-intensive-study\/\"]}]},{\"@type\":\"BreadcrumbList\",\"@id\":\"https:\/\/taoshiatsutherapy.com\/fr\/tao-shiatsu-intensive-study\/#breadcrumb\",\"itemListElement\":[{\"@type\":\"ListItem\",\"position\":1,\"name\":\"Home\",\"item\":\"https:\/\/taoshiatsutherapy.com\/fr\/\"},{\"@type\":\"ListItem\",\"position\":2,\"name\":\"\u00c9tudes intensives en Tao Shiatsu\"}]},{\"@type\":\"WebSite\",\"@id\":\"https:\/\/taoshiatsutherapy.com\/fr\/#website\",\"url\":\"https:\/\/taoshiatsutherapy.com\/fr\/\",\"name\":\"Tao Shiatsu Therapy\",\"description\":\"\",\"publisher\":{\"@id\":\"https:\/\/taoshiatsutherapy.com\/fr\/#organization\"},\"potentialAction\":[{\"@type\":\"SearchAction\",\"target\":{\"@type\":\"EntryPoint\",\"urlTemplate\":\"https:\/\/taoshiatsutherapy.com\/fr\/?s={search_term_string}\"},\"query-input\":{\"@type\":\"PropertyValueSpecification\",\"valueRequired\":true,\"valueName\":\"search_term_string\"}}],\"inLanguage\":\"fr-FR\"},{\"@type\":\"Organization\",\"@id\":\"https:\/\/taoshiatsutherapy.com\/fr\/#organization\",\"name\":\"Tao Shiatsu\",\"url\":\"https:\/\/taoshiatsutherapy.com\/fr\/\",\"logo\":{\"@type\":\"ImageObject\",\"inLanguage\":\"fr-FR\",\"@id\":\"https:\/\/taoshiatsutherapy.com\/fr\/#\/schema\/logo\/image\/\",\"url\":\"https:\/\/taoshiatsutherapy.com\/wp-content\/uploads\/2014\/01\/tao_sangha_japan.png\",\"contentUrl\":\"https:\/\/taoshiatsutherapy.com\/wp-content\/uploads\/2014\/01\/tao_sangha_japan.png\",\"width\":250,\"height\":259,\"caption\":\"Tao Shiatsu\"},\"image\":{\"@id\":\"https:\/\/taoshiatsutherapy.com\/fr\/#\/schema\/logo\/image\/\"},\"sameAs\":[\"https:\/\/www.facebook.com\/TaoSanghaGlobalCommunity\/\",\"https:\/\/www.youtube.com\/user\/TaoSanghaNA\"]}]}<\/script>\n<!-- \/ Yoast SEO plugin. -->","yoast_head_json":{"title":"\u00c9tudes intensives en Tao Shiatsu - Tao Shiatsu Therapy","robots":{"index":"index","follow":"follow","max-snippet":"max-snippet:-1","max-image-preview":"max-image-preview:large","max-video-preview":"max-video-preview:-1"},"canonical":"https:\/\/taoshiatsutherapy.com\/fr\/tao-shiatsu-intensive-study\/","og_locale":"fr_FR","og_type":"article","og_title":"\u00c9tudes intensives en Tao Shiatsu - Tao Shiatsu Therapy","og_description":"Du 16 au 22 avril\u00a02017 \u00c9tudiez le Tao Shiatsu \u00e0 Tokyo, le c\u0153ur culturel du Japon. Tout le monde est le bienvenu, de l\u2019\u00e9tudiant qui d\u00e9bute dans la pratique du shiatsu, au praticien avanc\u00e9. C\u2019est une opportunit\u00e9 sp\u00e9ciale d\u2019\u00e9tudier le Tao Shiatsu avec Ma\u00eetre Endo Ryokyo et avec enseignant principal, Alex Pereklita. Prix : 700 [&hellip;]","og_url":"https:\/\/taoshiatsutherapy.com\/fr\/tao-shiatsu-intensive-study\/","og_site_name":"Tao Shiatsu Therapy","article_publisher":"https:\/\/www.facebook.com\/TaoSanghaGlobalCommunity\/","article_modified_time":"2020-12-22T14:04:48+00:00","twitter_card":"summary_large_image","twitter_misc":{"Dur\u00e9e de lecture estim\u00e9e":"1 minute"},"schema":{"@context":"https:\/\/schema.org","@graph":[{"@type":"WebPage","@id":"https:\/\/taoshiatsutherapy.com\/fr\/tao-shiatsu-intensive-study\/","url":"https:\/\/taoshiatsutherapy.com\/fr\/tao-shiatsu-intensive-study\/","name":"\u00c9tudes intensives en Tao Shiatsu - Tao Shiatsu Therapy","isPartOf":{"@id":"https:\/\/taoshiatsutherapy.com\/fr\/#website"},"datePublished":"2017-01-27T03:45:19+00:00","dateModified":"2020-12-22T14:04:48+00:00","breadcrumb":{"@id":"https:\/\/taoshiatsutherapy.com\/fr\/tao-shiatsu-intensive-study\/#breadcrumb"},"inLanguage":"fr-FR","potentialAction":[{"@type":"ReadAction","target":["https:\/\/taoshiatsutherapy.com\/fr\/tao-shiatsu-intensive-study\/"]}]},{"@type":"BreadcrumbList","@id":"https:\/\/taoshiatsutherapy.com\/fr\/tao-shiatsu-intensive-study\/#breadcrumb","itemListElement":[{"@type":"ListItem","position":1,"name":"Home","item":"https:\/\/taoshiatsutherapy.com\/fr\/"},{"@type":"ListItem","position":2,"name":"\u00c9tudes intensives en Tao Shiatsu"}]},{"@type":"WebSite","@id":"https:\/\/taoshiatsutherapy.com\/fr\/#website","url":"https:\/\/taoshiatsutherapy.com\/fr\/","name":"Tao Shiatsu Therapy","description":"","publisher":{"@id":"https:\/\/taoshiatsutherapy.com\/fr\/#organization"},"potentialAction":[{"@type":"SearchAction","target":{"@type":"EntryPoint","urlTemplate":"https:\/\/taoshiatsutherapy.com\/fr\/?s={search_term_string}"},"query-input":{"@type":"PropertyValueSpecification","valueRequired":true,"valueName":"search_term_string"}}],"inLanguage":"fr-FR"},{"@type":"Organization","@id":"https:\/\/taoshiatsutherapy.com\/fr\/#organization","name":"Tao Shiatsu","url":"https:\/\/taoshiatsutherapy.com\/fr\/","logo":{"@type":"ImageObject","inLanguage":"fr-FR","@id":"https:\/\/taoshiatsutherapy.com\/fr\/#\/schema\/logo\/image\/","url":"https:\/\/taoshiatsutherapy.com\/wp-content\/uploads\/2014\/01\/tao_sangha_japan.png","contentUrl":"https:\/\/taoshiatsutherapy.com\/wp-content\/uploads\/2014\/01\/tao_sangha_japan.png","width":250,"height":259,"caption":"Tao Shiatsu"},"image":{"@id":"https:\/\/taoshiatsutherapy.com\/fr\/#\/schema\/logo\/image\/"},"sameAs":["https:\/\/www.facebook.com\/TaoSanghaGlobalCommunity\/","https:\/\/www.youtube.com\/user\/TaoSanghaNA"]}]}},"_links":{"self":[{"href":"https:\/\/taoshiatsutherapy.com\/fr\/wp-json\/wp\/v2\/pages\/46931","targetHints":{"allow":["GET"]}}],"collection":[{"href":"https:\/\/taoshiatsutherapy.com\/fr\/wp-json\/wp\/v2\/pages"}],"about":[{"href":"https:\/\/taoshiatsutherapy.com\/fr\/wp-json\/wp\/v2\/types\/page"}],"author":[{"embeddable":true,"href":"https:\/\/taoshiatsutherapy.com\/fr\/wp-json\/wp\/v2\/users\/3"}],"replies":[{"embeddable":true,"href":"https:\/\/taoshiatsutherapy.com\/fr\/wp-json\/wp\/v2\/comments?post=46931"}],"version-history":[{"count":4,"href":"https:\/\/taoshiatsutherapy.com\/fr\/wp-json\/wp\/v2\/pages\/46931\/revisions"}],"predecessor-version":[{"id":51920,"href":"https:\/\/taoshiatsutherapy.com\/fr\/wp-json\/wp\/v2\/pages\/46931\/revisions\/51920"}],"wp:attachment":[{"href":"https:\/\/taoshiatsutherapy.com\/fr\/wp-json\/wp\/v2\/media?parent=46931"}],"curies":[{"name":"wp","href":"https:\/\/api.w.org\/{rel}","templated":true}]}}