{"id":46792,"date":"2017-01-17T01:31:57","date_gmt":"2017-01-17T01:31:57","guid":{"rendered":"http:\/\/earthcaravan.sakura.ne.jp\/TaoShiatsuTherapy\/?page_id=46792\/"},"modified":"2023-03-12T00:27:02","modified_gmt":"2023-03-12T00:27:02","slug":"make-appointment-for-tao-shiatsu-treatment","status":"publish","type":"page","link":"https:\/\/taoshiatsutherapy.com\/fr\/make-appointment-for-tao-shiatsu-treatment\/","title":{"rendered":"Prendre rendez-vous"},"content":{"rendered":"\t\t<div data-elementor-type=\"wp-page\" data-elementor-id=\"46792\" class=\"elementor elementor-46792 elementor-46619\" data-elementor-post-type=\"page\">\n\t\t\t\t\t\t<section class=\"elementor-section elementor-top-section elementor-element elementor-element-6d8ee93c elementor-section-boxed elementor-section-height-default elementor-section-height-default\" data-id=\"6d8ee93c\" data-element_type=\"section\">\n\t\t\t\t\t\t\t<div class=\"elementor-background-overlay\"><\/div>\n\t\t\t\t\t\t\t<div class=\"elementor-container elementor-column-gap-default\">\n\t\t\t\t\t<div class=\"elementor-column elementor-col-100 elementor-top-column elementor-element elementor-element-3f2969ba\" data-id=\"3f2969ba\" data-element_type=\"column\">\n\t\t\t<div class=\"elementor-widget-wrap elementor-element-populated\">\n\t\t\t\t\t\t<div class=\"elementor-element elementor-element-40e68eb elementor-invisible elementor-widget elementor-widget-text-editor\" data-id=\"40e68eb\" data-element_type=\"widget\" data-settings=\"{&quot;_animation&quot;:&quot;fadeInUp&quot;}\" data-widget_type=\"text-editor.default\">\n\t\t\t\t<div class=\"elementor-widget-container\">\n\t\t\t\t\t\t\t\t\t<p>Pour prendre rendez-vous avec le traitement Tao Shiatsu, veuillez choisir le centre pr\u00e8s de chez vous et contacter via le formulaire de contact ou appeler l&rsquo;annuaire du centre.<\/p>\t\t\t\t\t\t\t\t<\/div>\n\t\t\t\t<\/div>\n\t\t\t\t<div class=\"elementor-element elementor-element-0a71827 elementor-invisible elementor-widget elementor-widget-heading\" data-id=\"0a71827\" data-element_type=\"widget\" data-settings=\"{&quot;_animation&quot;:&quot;fadeInUp&quot;}\" data-widget_type=\"heading.default\">\n\t\t\t\t<div class=\"elementor-widget-container\">\n\t\t\t\t\t<h2 class=\"elementor-heading-title elementor-size-default\">Etats-Unis<\/h2>\t\t\t\t<\/div>\n\t\t\t\t<\/div>\n\t\t\t\t<div class=\"elementor-element elementor-element-494343e elementor-align-left elementor-mobile-align-left elementor-invisible elementor-widget elementor-widget-button\" data-id=\"494343e\" data-element_type=\"widget\" data-settings=\"{&quot;_animation&quot;:&quot;fadeInUp&quot;}\" data-widget_type=\"button.default\">\n\t\t\t\t<div class=\"elementor-widget-container\">\n\t\t\t\t\t\t\t\t\t<div class=\"elementor-button-wrapper\">\n\t\t\t\t\t<a class=\"elementor-button elementor-button-link elementor-size-sm\" href=\"\/madison#booking\">\n\t\t\t\t\t\t<span class=\"elementor-button-content-wrapper\">\n\t\t\t\t\t\t<span class=\"elementor-button-icon\">\n\t\t\t\t<svg aria-hidden=\"true\" class=\"e-font-icon-svg e-fas-arrow-right\" viewBox=\"0 0 448 512\" xmlns=\"http:\/\/www.w3.org\/2000\/svg\"><path d=\"M190.5 66.9l22.2-22.2c9.4-9.4 24.6-9.4 33.9 0L441 239c9.4 9.4 9.4 24.6 0 33.9L246.6 467.3c-9.4 9.4-24.6 9.4-33.9 0l-22.2-22.2c-9.5-9.5-9.3-25 .4-34.3L311.4 296H24c-13.3 0-24-10.7-24-24v-32c0-13.3 10.7-24 24-24h287.4L190.9 101.2c-9.8-9.3-10-24.8-.4-34.3z\"><\/path><\/svg>\t\t\t<\/span>\n\t\t\t\t\t\t\t\t\t<span class=\"elementor-button-text\">Centre de gu\u00e9rison Shiatsu Madison Wi Tao<\/span>\n\t\t\t\t\t<\/span>\n\t\t\t\t\t<\/a>\n\t\t\t\t<\/div>\n\t\t\t\t\t\t\t\t<\/div>\n\t\t\t\t<\/div>\n\t\t\t\t<div class=\"elementor-element elementor-element-6bd9f48 elementor-invisible elementor-widget elementor-widget-heading\" data-id=\"6bd9f48\" data-element_type=\"widget\" data-settings=\"{&quot;_animation&quot;:&quot;fadeInUp&quot;}\" data-widget_type=\"heading.default\">\n\t\t\t\t<div class=\"elementor-widget-container\">\n\t\t\t\t\t<h2 class=\"elementor-heading-title elementor-size-default\">CANADA<\/h2>\t\t\t\t<\/div>\n\t\t\t\t<\/div>\n\t\t\t\t<div class=\"elementor-element elementor-element-b467fd6 elementor-align-left elementor-mobile-align-left elementor-invisible elementor-widget elementor-widget-button\" data-id=\"b467fd6\" data-element_type=\"widget\" data-settings=\"{&quot;_animation&quot;:&quot;fadeInUp&quot;}\" data-widget_type=\"button.default\">\n\t\t\t\t<div class=\"elementor-widget-container\">\n\t\t\t\t\t\t\t\t\t<div class=\"elementor-button-wrapper\">\n\t\t\t\t\t<a class=\"elementor-button elementor-button-link elementor-size-sm\" href=\"\/montreal#booking\">\n\t\t\t\t\t\t<span class=\"elementor-button-content-wrapper\">\n\t\t\t\t\t\t<span class=\"elementor-button-icon\">\n\t\t\t\t<svg aria-hidden=\"true\" class=\"e-font-icon-svg e-fas-arrow-right\" viewBox=\"0 0 448 512\" xmlns=\"http:\/\/www.w3.org\/2000\/svg\"><path d=\"M190.5 66.9l22.2-22.2c9.4-9.4 24.6-9.4 33.9 0L441 239c9.4 9.4 9.4 24.6 0 33.9L246.6 467.3c-9.4 9.4-24.6 9.4-33.9 0l-22.2-22.2c-9.5-9.5-9.3-25 .4-34.3L311.4 296H24c-13.3 0-24-10.7-24-24v-32c0-13.3 10.7-24 24-24h287.4L190.9 101.2c-9.8-9.3-10-24.8-.4-34.3z\"><\/path><\/svg>\t\t\t<\/span>\n\t\t\t\t\t\t\t\t\t<span class=\"elementor-button-text\">Centre de gu\u00e9rison Tao Shiatsu de Montr\u00e9al<\/span>\n\t\t\t\t\t<\/span>\n\t\t\t\t\t<\/a>\n\t\t\t\t<\/div>\n\t\t\t\t\t\t\t\t<\/div>\n\t\t\t\t<\/div>\n\t\t\t\t<div class=\"elementor-element elementor-element-4c0304d elementor-align-left elementor-mobile-align-left elementor-invisible elementor-widget elementor-widget-button\" data-id=\"4c0304d\" data-element_type=\"widget\" data-settings=\"{&quot;_animation&quot;:&quot;fadeInUp&quot;}\" data-widget_type=\"button.default\">\n\t\t\t\t<div class=\"elementor-widget-container\">\n\t\t\t\t\t\t\t\t\t<div class=\"elementor-button-wrapper\">\n\t\t\t\t\t<a class=\"elementor-button elementor-button-link elementor-size-sm\" href=\"\/toronto#booking\">\n\t\t\t\t\t\t<span class=\"elementor-button-content-wrapper\">\n\t\t\t\t\t\t<span class=\"elementor-button-icon\">\n\t\t\t\t<svg aria-hidden=\"true\" class=\"e-font-icon-svg e-fas-arrow-right\" viewBox=\"0 0 448 512\" xmlns=\"http:\/\/www.w3.org\/2000\/svg\"><path d=\"M190.5 66.9l22.2-22.2c9.4-9.4 24.6-9.4 33.9 0L441 239c9.4 9.4 9.4 24.6 0 33.9L246.6 467.3c-9.4 9.4-24.6 9.4-33.9 0l-22.2-22.2c-9.5-9.5-9.3-25 .4-34.3L311.4 296H24c-13.3 0-24-10.7-24-24v-32c0-13.3 10.7-24 24-24h287.4L190.9 101.2c-9.8-9.3-10-24.8-.4-34.3z\"><\/path><\/svg>\t\t\t<\/span>\n\t\t\t\t\t\t\t\t\t<span class=\"elementor-button-text\">Centre de gu\u00e9rison Toronto Tao Shiatsu<\/span>\n\t\t\t\t\t<\/span>\n\t\t\t\t\t<\/a>\n\t\t\t\t<\/div>\n\t\t\t\t\t\t\t\t<\/div>\n\t\t\t\t<\/div>\n\t\t\t\t<div class=\"elementor-element elementor-element-f106e98 elementor-align-left elementor-mobile-align-left elementor-invisible elementor-widget elementor-widget-button\" data-id=\"f106e98\" data-element_type=\"widget\" data-settings=\"{&quot;_animation&quot;:&quot;fadeInUp&quot;}\" data-widget_type=\"button.default\">\n\t\t\t\t<div class=\"elementor-widget-container\">\n\t\t\t\t\t\t\t\t\t<div class=\"elementor-button-wrapper\">\n\t\t\t\t\t<a class=\"elementor-button elementor-button-link elementor-size-sm\" href=\"\/eastern-townships-tao-shiatsu#booking\">\n\t\t\t\t\t\t<span class=\"elementor-button-content-wrapper\">\n\t\t\t\t\t\t<span class=\"elementor-button-icon\">\n\t\t\t\t<svg aria-hidden=\"true\" class=\"e-font-icon-svg e-fas-arrow-right\" viewBox=\"0 0 448 512\" xmlns=\"http:\/\/www.w3.org\/2000\/svg\"><path d=\"M190.5 66.9l22.2-22.2c9.4-9.4 24.6-9.4 33.9 0L441 239c9.4 9.4 9.4 24.6 0 33.9L246.6 467.3c-9.4 9.4-24.6 9.4-33.9 0l-22.2-22.2c-9.5-9.5-9.3-25 .4-34.3L311.4 296H24c-13.3 0-24-10.7-24-24v-32c0-13.3 10.7-24 24-24h287.4L190.9 101.2c-9.8-9.3-10-24.8-.4-34.3z\"><\/path><\/svg>\t\t\t<\/span>\n\t\t\t\t\t\t\t\t\t<span class=\"elementor-button-text\">Cantons-de-l'Est QC Centre de gu\u00e9rison Tao Shiatsu<\/span>\n\t\t\t\t\t<\/span>\n\t\t\t\t\t<\/a>\n\t\t\t\t<\/div>\n\t\t\t\t\t\t\t\t<\/div>\n\t\t\t\t<\/div>\n\t\t\t\t\t<\/div>\n\t\t<\/div>\n\t\t\t\t\t<\/div>\n\t\t<\/section>\n\t\t\t\t<\/div>\n\t\t","protected":false},"excerpt":{"rendered":"<p>Pour prendre rendez-vous avec le traitement Tao Shiatsu, veuillez choisir le centre pr\u00e8s de chez vous et contacter via le formulaire de contact ou appeler l&rsquo;annuaire du centre. Etats-Unis Centre de gu\u00e9rison Shiatsu Madison Wi Tao CANADA Centre de gu\u00e9rison Tao Shiatsu de Montr\u00e9al Centre de gu\u00e9rison Toronto Tao Shiatsu Cantons-de-l&rsquo;Est QC Centre de gu\u00e9rison [&hellip;]<\/p>\n","protected":false},"author":3,"featured_media":0,"parent":0,"menu_order":0,"comment_status":"closed","ping_status":"closed","template":"","meta":{"_monsterinsights_skip_tracking":false,"_monsterinsights_sitenote_active":false,"_monsterinsights_sitenote_note":"","_monsterinsights_sitenote_category":0,"footnotes":""},"class_list":["post-46792","page","type-page","status-publish","hentry"],"aioseo_notices":[],"yoast_head":"<!-- This site is optimized with the Yoast SEO plugin v26.8 - https:\/\/yoast.com\/product\/yoast-seo-wordpress\/ -->\n<title>Prendre rendez-vous - Tao Shiatsu Therapy<\/title>\n<meta name=\"robots\" content=\"index, follow, max-snippet:-1, max-image-preview:large, max-video-preview:-1\" \/>\n<link rel=\"canonical\" href=\"https:\/\/taoshiatsutherapy.com\/fr\/make-appointment-for-tao-shiatsu-treatment\/\" \/>\n<meta property=\"og:locale\" content=\"fr_FR\" \/>\n<meta property=\"og:type\" content=\"article\" \/>\n<meta property=\"og:title\" content=\"Prendre rendez-vous - Tao Shiatsu Therapy\" \/>\n<meta property=\"og:description\" content=\"Pour prendre rendez-vous avec le traitement Tao Shiatsu, veuillez choisir le centre pr\u00e8s de chez vous et contacter via le formulaire de contact ou appeler l&rsquo;annuaire du centre. Etats-Unis Centre de gu\u00e9rison Shiatsu Madison Wi Tao CANADA Centre de gu\u00e9rison Tao Shiatsu de Montr\u00e9al Centre de gu\u00e9rison Toronto Tao Shiatsu Cantons-de-l&rsquo;Est QC Centre de gu\u00e9rison [&hellip;]\" \/>\n<meta property=\"og:url\" content=\"https:\/\/taoshiatsutherapy.com\/fr\/make-appointment-for-tao-shiatsu-treatment\/\" \/>\n<meta property=\"og:site_name\" content=\"Tao Shiatsu Therapy\" \/>\n<meta property=\"article:publisher\" content=\"https:\/\/www.facebook.com\/TaoSanghaGlobalCommunity\/\" \/>\n<meta property=\"article:modified_time\" content=\"2023-03-12T00:27:02+00:00\" \/>\n<meta name=\"twitter:card\" content=\"summary_large_image\" \/>\n<script type=\"application\/ld+json\" class=\"yoast-schema-graph\">{\"@context\":\"https:\/\/schema.org\",\"@graph\":[{\"@type\":\"WebPage\",\"@id\":\"https:\/\/taoshiatsutherapy.com\/fr\/make-appointment-for-tao-shiatsu-treatment\/\",\"url\":\"https:\/\/taoshiatsutherapy.com\/fr\/make-appointment-for-tao-shiatsu-treatment\/\",\"name\":\"Prendre rendez-vous - Tao Shiatsu Therapy\",\"isPartOf\":{\"@id\":\"https:\/\/taoshiatsutherapy.com\/fr\/#website\"},\"datePublished\":\"2017-01-17T01:31:57+00:00\",\"dateModified\":\"2023-03-12T00:27:02+00:00\",\"breadcrumb\":{\"@id\":\"https:\/\/taoshiatsutherapy.com\/fr\/make-appointment-for-tao-shiatsu-treatment\/#breadcrumb\"},\"inLanguage\":\"fr-FR\",\"potentialAction\":[{\"@type\":\"ReadAction\",\"target\":[\"https:\/\/taoshiatsutherapy.com\/fr\/make-appointment-for-tao-shiatsu-treatment\/\"]}]},{\"@type\":\"BreadcrumbList\",\"@id\":\"https:\/\/taoshiatsutherapy.com\/fr\/make-appointment-for-tao-shiatsu-treatment\/#breadcrumb\",\"itemListElement\":[{\"@type\":\"ListItem\",\"position\":1,\"name\":\"Home\",\"item\":\"https:\/\/taoshiatsutherapy.com\/fr\/\"},{\"@type\":\"ListItem\",\"position\":2,\"name\":\"Prendre rendez-vous\"}]},{\"@type\":\"WebSite\",\"@id\":\"https:\/\/taoshiatsutherapy.com\/fr\/#website\",\"url\":\"https:\/\/taoshiatsutherapy.com\/fr\/\",\"name\":\"Tao Shiatsu Therapy\",\"description\":\"\",\"publisher\":{\"@id\":\"https:\/\/taoshiatsutherapy.com\/fr\/#organization\"},\"potentialAction\":[{\"@type\":\"SearchAction\",\"target\":{\"@type\":\"EntryPoint\",\"urlTemplate\":\"https:\/\/taoshiatsutherapy.com\/fr\/?s={search_term_string}\"},\"query-input\":{\"@type\":\"PropertyValueSpecification\",\"valueRequired\":true,\"valueName\":\"search_term_string\"}}],\"inLanguage\":\"fr-FR\"},{\"@type\":\"Organization\",\"@id\":\"https:\/\/taoshiatsutherapy.com\/fr\/#organization\",\"name\":\"Tao Shiatsu\",\"url\":\"https:\/\/taoshiatsutherapy.com\/fr\/\",\"logo\":{\"@type\":\"ImageObject\",\"inLanguage\":\"fr-FR\",\"@id\":\"https:\/\/taoshiatsutherapy.com\/fr\/#\/schema\/logo\/image\/\",\"url\":\"https:\/\/taoshiatsutherapy.com\/wp-content\/uploads\/2014\/01\/tao_sangha_japan.png\",\"contentUrl\":\"https:\/\/taoshiatsutherapy.com\/wp-content\/uploads\/2014\/01\/tao_sangha_japan.png\",\"width\":250,\"height\":259,\"caption\":\"Tao Shiatsu\"},\"image\":{\"@id\":\"https:\/\/taoshiatsutherapy.com\/fr\/#\/schema\/logo\/image\/\"},\"sameAs\":[\"https:\/\/www.facebook.com\/TaoSanghaGlobalCommunity\/\",\"https:\/\/www.youtube.com\/user\/TaoSanghaNA\"]}]}<\/script>\n<!-- \/ Yoast SEO plugin. -->","yoast_head_json":{"title":"Prendre rendez-vous - Tao Shiatsu Therapy","robots":{"index":"index","follow":"follow","max-snippet":"max-snippet:-1","max-image-preview":"max-image-preview:large","max-video-preview":"max-video-preview:-1"},"canonical":"https:\/\/taoshiatsutherapy.com\/fr\/make-appointment-for-tao-shiatsu-treatment\/","og_locale":"fr_FR","og_type":"article","og_title":"Prendre rendez-vous - Tao Shiatsu Therapy","og_description":"Pour prendre rendez-vous avec le traitement Tao Shiatsu, veuillez choisir le centre pr\u00e8s de chez vous et contacter via le formulaire de contact ou appeler l&rsquo;annuaire du centre. Etats-Unis Centre de gu\u00e9rison Shiatsu Madison Wi Tao CANADA Centre de gu\u00e9rison Tao Shiatsu de Montr\u00e9al Centre de gu\u00e9rison Toronto Tao Shiatsu Cantons-de-l&rsquo;Est QC Centre de gu\u00e9rison [&hellip;]","og_url":"https:\/\/taoshiatsutherapy.com\/fr\/make-appointment-for-tao-shiatsu-treatment\/","og_site_name":"Tao Shiatsu Therapy","article_publisher":"https:\/\/www.facebook.com\/TaoSanghaGlobalCommunity\/","article_modified_time":"2023-03-12T00:27:02+00:00","twitter_card":"summary_large_image","schema":{"@context":"https:\/\/schema.org","@graph":[{"@type":"WebPage","@id":"https:\/\/taoshiatsutherapy.com\/fr\/make-appointment-for-tao-shiatsu-treatment\/","url":"https:\/\/taoshiatsutherapy.com\/fr\/make-appointment-for-tao-shiatsu-treatment\/","name":"Prendre rendez-vous - Tao Shiatsu Therapy","isPartOf":{"@id":"https:\/\/taoshiatsutherapy.com\/fr\/#website"},"datePublished":"2017-01-17T01:31:57+00:00","dateModified":"2023-03-12T00:27:02+00:00","breadcrumb":{"@id":"https:\/\/taoshiatsutherapy.com\/fr\/make-appointment-for-tao-shiatsu-treatment\/#breadcrumb"},"inLanguage":"fr-FR","potentialAction":[{"@type":"ReadAction","target":["https:\/\/taoshiatsutherapy.com\/fr\/make-appointment-for-tao-shiatsu-treatment\/"]}]},{"@type":"BreadcrumbList","@id":"https:\/\/taoshiatsutherapy.com\/fr\/make-appointment-for-tao-shiatsu-treatment\/#breadcrumb","itemListElement":[{"@type":"ListItem","position":1,"name":"Home","item":"https:\/\/taoshiatsutherapy.com\/fr\/"},{"@type":"ListItem","position":2,"name":"Prendre rendez-vous"}]},{"@type":"WebSite","@id":"https:\/\/taoshiatsutherapy.com\/fr\/#website","url":"https:\/\/taoshiatsutherapy.com\/fr\/","name":"Tao Shiatsu Therapy","description":"","publisher":{"@id":"https:\/\/taoshiatsutherapy.com\/fr\/#organization"},"potentialAction":[{"@type":"SearchAction","target":{"@type":"EntryPoint","urlTemplate":"https:\/\/taoshiatsutherapy.com\/fr\/?s={search_term_string}"},"query-input":{"@type":"PropertyValueSpecification","valueRequired":true,"valueName":"search_term_string"}}],"inLanguage":"fr-FR"},{"@type":"Organization","@id":"https:\/\/taoshiatsutherapy.com\/fr\/#organization","name":"Tao Shiatsu","url":"https:\/\/taoshiatsutherapy.com\/fr\/","logo":{"@type":"ImageObject","inLanguage":"fr-FR","@id":"https:\/\/taoshiatsutherapy.com\/fr\/#\/schema\/logo\/image\/","url":"https:\/\/taoshiatsutherapy.com\/wp-content\/uploads\/2014\/01\/tao_sangha_japan.png","contentUrl":"https:\/\/taoshiatsutherapy.com\/wp-content\/uploads\/2014\/01\/tao_sangha_japan.png","width":250,"height":259,"caption":"Tao Shiatsu"},"image":{"@id":"https:\/\/taoshiatsutherapy.com\/fr\/#\/schema\/logo\/image\/"},"sameAs":["https:\/\/www.facebook.com\/TaoSanghaGlobalCommunity\/","https:\/\/www.youtube.com\/user\/TaoSanghaNA"]}]}},"_links":{"self":[{"href":"https:\/\/taoshiatsutherapy.com\/fr\/wp-json\/wp\/v2\/pages\/46792","targetHints":{"allow":["GET"]}}],"collection":[{"href":"https:\/\/taoshiatsutherapy.com\/fr\/wp-json\/wp\/v2\/pages"}],"about":[{"href":"https:\/\/taoshiatsutherapy.com\/fr\/wp-json\/wp\/v2\/types\/page"}],"author":[{"embeddable":true,"href":"https:\/\/taoshiatsutherapy.com\/fr\/wp-json\/wp\/v2\/users\/3"}],"replies":[{"embeddable":true,"href":"https:\/\/taoshiatsutherapy.com\/fr\/wp-json\/wp\/v2\/comments?post=46792"}],"version-history":[{"count":10,"href":"https:\/\/taoshiatsutherapy.com\/fr\/wp-json\/wp\/v2\/pages\/46792\/revisions"}],"predecessor-version":[{"id":52723,"href":"https:\/\/taoshiatsutherapy.com\/fr\/wp-json\/wp\/v2\/pages\/46792\/revisions\/52723"}],"wp:attachment":[{"href":"https:\/\/taoshiatsutherapy.com\/fr\/wp-json\/wp\/v2\/media?parent=46792"}],"curies":[{"name":"wp","href":"https:\/\/api.w.org\/{rel}","templated":true}]}}