{"id":46772,"date":"2016-12-22T21:52:05","date_gmt":"2016-12-22T21:52:05","guid":{"rendered":"http:\/\/earthcaravan.sakura.ne.jp\/TaoShiatsuTherapy\/?page_id=46772\/"},"modified":"2024-07-26T18:16:11","modified_gmt":"2024-07-26T18:16:11","slug":"course-curriculum","status":"publish","type":"page","link":"https:\/\/taoshiatsutherapy.com\/fr\/course-curriculum\/","title":{"rendered":"Curriculum du cours"},"content":{"rendered":"\t\t<div data-elementor-type=\"wp-page\" data-elementor-id=\"46772\" class=\"elementor elementor-46772 elementor-46609\" data-elementor-post-type=\"page\">\n\t\t\t\t\t\t<section class=\"elementor-section elementor-top-section elementor-element elementor-element-ca9083a elementor-section-boxed elementor-section-height-default elementor-section-height-default\" data-id=\"ca9083a\" data-element_type=\"section\" data-settings=\"{&quot;background_background&quot;:&quot;classic&quot;}\">\n\t\t\t\t\t\t<div class=\"elementor-container elementor-column-gap-default\">\n\t\t\t\t\t<div class=\"elementor-column elementor-col-100 elementor-top-column elementor-element elementor-element-a2a78a1\" data-id=\"a2a78a1\" data-element_type=\"column\">\n\t\t\t<div class=\"elementor-widget-wrap elementor-element-populated\">\n\t\t\t\t\t\t<div class=\"elementor-element elementor-element-dc618b6 elementor-invisible elementor-widget elementor-widget-text-editor\" data-id=\"dc618b6\" data-element_type=\"widget\" data-settings=\"{&quot;_animation&quot;:&quot;fadeInUp&quot;}\" data-widget_type=\"text-editor.default\">\n\t\t\t\t<div class=\"elementor-widget-container\">\n\t\t\t\t\t\t\t\t\t<p>Curriculum du cours<\/p>\t\t\t\t\t\t\t\t<\/div>\n\t\t\t\t<\/div>\n\t\t\t\t\t<\/div>\n\t\t<\/div>\n\t\t\t\t\t<\/div>\n\t\t<\/section>\n\t\t\t\t<section class=\"elementor-section elementor-top-section elementor-element elementor-element-7ca75e44 elementor-section-boxed elementor-section-height-default elementor-section-height-default\" data-id=\"7ca75e44\" data-element_type=\"section\">\n\t\t\t\t\t\t<div class=\"elementor-container elementor-column-gap-default\">\n\t\t\t\t\t<div class=\"elementor-column elementor-col-100 elementor-top-column elementor-element elementor-element-71066a95\" data-id=\"71066a95\" data-element_type=\"column\">\n\t\t\t<div class=\"elementor-widget-wrap elementor-element-populated\">\n\t\t\t\t\t\t<div class=\"elementor-element elementor-element-7ec08db elementor-invisible elementor-widget elementor-widget-shortcode\" data-id=\"7ec08db\" data-element_type=\"widget\" data-settings=\"{&quot;_animation&quot;:&quot;fadeInUp&quot;}\" data-widget_type=\"shortcode.default\">\n\t\t\t\t<div class=\"elementor-widget-container\">\n\t\t\t\t\t<a href=\"https:\/\/taoshiatsutherapy.com\/fr\/\">Home<\/a> \u00bb Curriculum du cours\t\t<div class=\"elementor-shortcode\"><\/div>\n\t\t\t\t\t\t<\/div>\n\t\t\t\t<\/div>\n\t\t\t\t<div class=\"elementor-element elementor-element-ced640c elementor-align-start elementor-icon-list--layout-traditional elementor-list-item-link-full_width elementor-invisible elementor-widget elementor-widget-icon-list\" data-id=\"ced640c\" data-element_type=\"widget\" data-settings=\"{&quot;_animation&quot;:&quot;fadeInUp&quot;}\" data-widget_type=\"icon-list.default\">\n\t\t\t\t<div class=\"elementor-widget-container\">\n\t\t\t\t\t\t\t<ul class=\"elementor-icon-list-items\">\n\t\t\t\t\t\t\t<li class=\"elementor-icon-list-item\">\n\t\t\t\t\t\t\t\t\t\t\t<a href=\"#basic-course\">\n\n\t\t\t\t\t\t\t\t\t\t\t<span class=\"elementor-icon-list-text\">Cours de base Tao Shiatsu (6 mois)<\/span>\n\t\t\t\t\t\t\t\t\t\t\t<\/a>\n\t\t\t\t\t\t\t\t\t<\/li>\n\t\t\t\t\t\t\t\t<li class=\"elementor-icon-list-item\">\n\t\t\t\t\t\t\t\t\t\t\t<span class=\"elementor-icon-list-icon\">\n\t\t\t\t\t\t\t<svg aria-hidden=\"true\" class=\"e-font-icon-svg e-fas-arrow-down\" viewBox=\"0 0 448 512\" xmlns=\"http:\/\/www.w3.org\/2000\/svg\"><path d=\"M413.1 222.5l22.2 22.2c9.4 9.4 9.4 24.6 0 33.9L241 473c-9.4 9.4-24.6 9.4-33.9 0L12.7 278.6c-9.4-9.4-9.4-24.6 0-33.9l22.2-22.2c9.5-9.5 25-9.3 34.3.4L184 343.4V56c0-13.3 10.7-24 24-24h32c13.3 0 24 10.7 24 24v287.4l114.8-120.5c9.3-9.8 24.8-10 34.3-.4z\"><\/path><\/svg>\t\t\t\t\t\t<\/span>\n\t\t\t\t\t\t\t\t\t\t<span class=\"elementor-icon-list-text\"><\/span>\n\t\t\t\t\t\t\t\t\t<\/li>\n\t\t\t\t\t\t\t\t<li class=\"elementor-icon-list-item\">\n\t\t\t\t\t\t\t\t\t\t\t<a href=\"#shoden-level-1\">\n\n\t\t\t\t\t\t\t\t\t\t\t<span class=\"elementor-icon-list-text\">Programme de niveau 1, th\u00e9rapeute Tao Shiatsu certifi\u00e9 (environ 18 mois)<\/span>\n\t\t\t\t\t\t\t\t\t\t\t<\/a>\n\t\t\t\t\t\t\t\t\t<\/li>\n\t\t\t\t\t\t\t\t<li class=\"elementor-icon-list-item\">\n\t\t\t\t\t\t\t\t\t\t\t<span class=\"elementor-icon-list-icon\">\n\t\t\t\t\t\t\t<svg aria-hidden=\"true\" class=\"e-font-icon-svg e-fas-arrow-down\" viewBox=\"0 0 448 512\" xmlns=\"http:\/\/www.w3.org\/2000\/svg\"><path d=\"M413.1 222.5l22.2 22.2c9.4 9.4 9.4 24.6 0 33.9L241 473c-9.4 9.4-24.6 9.4-33.9 0L12.7 278.6c-9.4-9.4-9.4-24.6 0-33.9l22.2-22.2c9.5-9.5 25-9.3 34.3.4L184 343.4V56c0-13.3 10.7-24 24-24h32c13.3 0 24 10.7 24 24v287.4l114.8-120.5c9.3-9.8 24.8-10 34.3-.4z\"><\/path><\/svg>\t\t\t\t\t\t<\/span>\n\t\t\t\t\t\t\t\t\t\t<span class=\"elementor-icon-list-text\"><\/span>\n\t\t\t\t\t\t\t\t\t<\/li>\n\t\t\t\t\t\t\t\t<li class=\"elementor-icon-list-item\">\n\t\t\t\t\t\t\t\t\t\t\t<a href=\"#monk-training\">\n\n\t\t\t\t\t\t\t\t\t\t\t<span class=\"elementor-icon-list-text\">Programme avanc\u00e9<\/span>\n\t\t\t\t\t\t\t\t\t\t\t<\/a>\n\t\t\t\t\t\t\t\t\t<\/li>\n\t\t\t\t\t\t<\/ul>\n\t\t\t\t\t\t<\/div>\n\t\t\t\t<\/div>\n\t\t\t\t<div class=\"elementor-element elementor-element-4bb1dad elementor-invisible elementor-widget elementor-widget-text-editor\" data-id=\"4bb1dad\" data-element_type=\"widget\" data-settings=\"{&quot;_animation&quot;:&quot;fadeInUp&quot;}\" data-widget_type=\"text-editor.default\">\n\t\t\t\t<div class=\"elementor-widget-container\">\n\t\t\t\t\t\t\t\t\t<p>Th\u00e9rapeute en Tao Shiatsu:<\/p><ul><li>Est certifi\u00e9 dans un centre de Tao Shiatsu et pratique physiquement \/ mentalement \/ spirituellement, et continue \u00e0 faire de son mieux \u00e0 tout moment.<\/li><li>Assume la responsabilit\u00e9 de sa mission de vie, de ses paroles et du bonheur des autres.<\/li><\/ul>\t\t\t\t\t\t\t\t<\/div>\n\t\t\t\t<\/div>\n\t\t\t\t<div class=\"elementor-element elementor-element-0fbbb7e elementor-invisible elementor-widget elementor-widget-heading\" data-id=\"0fbbb7e\" data-element_type=\"widget\" id=\"basic-course\" data-settings=\"{&quot;_animation&quot;:&quot;fadeInUp&quot;}\" data-widget_type=\"heading.default\">\n\t\t\t\t<div class=\"elementor-widget-container\">\n\t\t\t\t\t<h3 class=\"elementor-heading-title elementor-size-default\">Cours de base Shuren Tao Shiatsu (6 mois)<\/h3>\t\t\t\t<\/div>\n\t\t\t\t<\/div>\n\t\t\t\t<div class=\"elementor-element elementor-element-7ea9364 elementor-invisible elementor-widget elementor-widget-heading\" data-id=\"7ea9364\" data-element_type=\"widget\" data-settings=\"{&quot;_animation&quot;:&quot;fadeInUp&quot;}\" data-widget_type=\"heading.default\">\n\t\t\t\t<div class=\"elementor-widget-container\">\n\t\t\t\t\t<h3 class=\"elementor-heading-title elementor-size-default\"> Programme<\/h3>\t\t\t\t<\/div>\n\t\t\t\t<\/div>\n\t\t\t\t<div class=\"elementor-element elementor-element-f1686ab elementor-invisible elementor-widget elementor-widget-text-editor\" data-id=\"f1686ab\" data-element_type=\"widget\" data-settings=\"{&quot;_animation&quot;:&quot;fadeInUp&quot;}\" data-widget_type=\"text-editor.default\">\n\t\t\t\t<div class=\"elementor-widget-container\">\n\t\t\t\t\t\t\t\t\t<p>Bas\u00e9 sur la philosophie bouddhiste, exp\u00e9rimenter l&rsquo;\u00e9nergie Ki et \u00e9tudier la Voie et le Coeur du Tao Shiatsu.<\/p><ul><li>Feel Ki<\/li><li>Tsubo\u00a0Basic<\/li><li>Ki Do-In: Renki \/ Kishindo<\/li><li>Formulaire de base 1<\/li><li>Communication Ki<\/li><\/ul>\t\t\t\t\t\t\t\t<\/div>\n\t\t\t\t<\/div>\n\t\t\t\t<div class=\"elementor-element elementor-element-3c0c384 elementor-invisible elementor-widget elementor-widget-text-editor\" data-id=\"3c0c384\" data-element_type=\"widget\" data-settings=\"{&quot;_animation&quot;:&quot;fadeInUp&quot;}\" data-widget_type=\"text-editor.default\">\n\t\t\t\t<div class=\"elementor-widget-container\">\n\t\t\t\t\t\t\t\t\t<p>Apr\u00e8s avoir termin\u00e9 le cours pr\u00e9paratoire, les \u00e9tudiants sont \u00e9ligibles pour continuer \u00e0 la classe Shoden niveau 1.<\/p>\t\t\t\t\t\t\t\t<\/div>\n\t\t\t\t<\/div>\n\t\t\t\t<div class=\"elementor-element elementor-element-3a1ff49 elementor-invisible elementor-widget elementor-widget-heading\" data-id=\"3a1ff49\" data-element_type=\"widget\" data-settings=\"{&quot;_animation&quot;:&quot;fadeInUp&quot;}\" data-widget_type=\"heading.default\">\n\t\t\t\t<div class=\"elementor-widget-container\">\n\t\t\t\t\t<h3 class=\"elementor-heading-title elementor-size-default\"> Horaire \/ Frais\n<\/h3>\t\t\t\t<\/div>\n\t\t\t\t<\/div>\n\t\t\t\t<div class=\"elementor-element elementor-element-73d2996 elementor-invisible elementor-widget elementor-widget-text-editor\" data-id=\"73d2996\" data-element_type=\"widget\" data-settings=\"{&quot;_animation&quot;:&quot;fadeInUp&quot;}\" data-widget_type=\"text-editor.default\">\n\t\t\t\t<div class=\"elementor-widget-container\">\n\t\t\t\t\t\t\t\t\t<p>Une fin de semaine par mois, pour six mois, samedi et dimanche de 9h00 \u00e0 17h00.<br \/>1320 $ (6 mois, 12 jours) ou 220 $ par mois.\u00a0<br \/>* Un calendrier de paiement flexible est disponible.<\/p>\t\t\t\t\t\t\t\t<\/div>\n\t\t\t\t<\/div>\n\t\t\t\t<div class=\"elementor-element elementor-element-4fd20df elementor-invisible elementor-widget elementor-widget-heading\" data-id=\"4fd20df\" data-element_type=\"widget\" data-settings=\"{&quot;_animation&quot;:&quot;fadeInUp&quot;}\" data-widget_type=\"heading.default\">\n\t\t\t\t<div class=\"elementor-widget-container\">\n\t\t\t\t\t<h3 class=\"elementor-heading-title elementor-size-default\"> Entrer dans la formation Shoden niveau 1<\/h3>\t\t\t\t<\/div>\n\t\t\t\t<\/div>\n\t\t\t\t<div class=\"elementor-element elementor-element-2f50543 elementor-invisible elementor-widget elementor-widget-text-editor\" data-id=\"2f50543\" data-element_type=\"widget\" data-settings=\"{&quot;_animation&quot;:&quot;fadeInUp&quot;}\" data-widget_type=\"text-editor.default\">\n\t\t\t\t<div class=\"elementor-widget-container\">\n\t\t\t\t\t\t\t\t\t<p>Apr\u00e8s le cours pr\u00e9paratoire de six mois, il y aura une r\u00e9vision de deux jours et un examen d&rsquo;entr\u00e9e Shoden.<\/p>\t\t\t\t\t\t\t\t<\/div>\n\t\t\t\t<\/div>\n\t\t\t\t<div class=\"elementor-element elementor-element-7ef67b6 elementor-invisible elementor-widget elementor-widget-heading\" data-id=\"7ef67b6\" data-element_type=\"widget\" id=\"shoden-level-1\" data-settings=\"{&quot;_animation&quot;:&quot;fadeInUp&quot;}\" data-widget_type=\"heading.default\">\n\t\t\t\t<div class=\"elementor-widget-container\">\n\t\t\t\t\t<h3 class=\"elementor-heading-title elementor-size-default\">Formation de Shoden niveau 1<\/h3>\t\t\t\t<\/div>\n\t\t\t\t<\/div>\n\t\t\t\t<div class=\"elementor-element elementor-element-efbe43c elementor-invisible elementor-widget elementor-widget-text-editor\" data-id=\"efbe43c\" data-element_type=\"widget\" data-settings=\"{&quot;_animation&quot;:&quot;fadeInUp&quot;}\" data-widget_type=\"text-editor.default\">\n\t\t\t\t<div class=\"elementor-widget-container\">\n\t\t\t\t\t\t\t\t\t<strong>Le programme est bas\u00e9 sur les 56 philosophes de Tao Heart. Commencer un voyage \u00e0 l&rsquo;int\u00e9rieur du c\u0153ur dans le monde merveilleux de Ki.<\/strong>\t\t\t\t\t\t\t\t<\/div>\n\t\t\t\t<\/div>\n\t\t\t\t<div class=\"elementor-element elementor-element-8fa016c elementor-invisible elementor-widget elementor-widget-text-editor\" data-id=\"8fa016c\" data-element_type=\"widget\" data-settings=\"{&quot;_animation&quot;:&quot;fadeInUp&quot;}\" data-widget_type=\"text-editor.default\">\n\t\t\t\t<div class=\"elementor-widget-container\">\n\t\t\t\t\t\t\t\t\t<ul><li>Renki 1<\/li><li>Kishindo 1<\/li><li>Formulaire de base 2<\/li><li>18 points SST<\/li><li>Communication Ki 1<\/li><\/ul>\t\t\t\t\t\t\t\t<\/div>\n\t\t\t\t<\/div>\n\t\t\t\t<div class=\"elementor-element elementor-element-4882498 elementor-invisible elementor-widget elementor-widget-text-editor\" data-id=\"4882498\" data-element_type=\"widget\" data-settings=\"{&quot;_animation&quot;:&quot;fadeInUp&quot;}\" data-widget_type=\"text-editor.default\">\n\t\t\t\t<div class=\"elementor-widget-container\">\n\t\t\t\t\t\t\t\t\t<p>Lorsque les \u00e9tudiants r\u00e9ussissent les examens pour les cinq niveaux du programme de niveau 1, ils seront \u00e9ligibles pour le niveau suivant, la formation avanc\u00e9e Shoden. Shoden Niveau 1 n\u00e9cessite g\u00e9n\u00e9ralement 2 ans d&rsquo;\u00e9tudes. Les cours ont lieu une fin de semaine par mois<\/p><p>* Des frais de membre \u00e9tudiant Tao Shiatsu de 20 $ par mois (240 $ par an) s&rsquo;appliqueront en plus des frais de la formation Shoden.<\/p>\t\t\t\t\t\t\t\t<\/div>\n\t\t\t\t<\/div>\n\t\t\t\t<div class=\"elementor-element elementor-element-45faaba elementor-invisible elementor-widget elementor-widget-heading\" data-id=\"45faaba\" data-element_type=\"widget\" id=\"monk-training\" data-settings=\"{&quot;_animation&quot;:&quot;fadeInUp&quot;}\" data-widget_type=\"heading.default\">\n\t\t\t\t<div class=\"elementor-widget-container\">\n\t\t\t\t\t<h3 class=\"elementor-heading-title elementor-size-default\">Formation avanc\u00e9e<\/h3>\t\t\t\t<\/div>\n\t\t\t\t<\/div>\n\t\t\t\t<div class=\"elementor-element elementor-element-7e04c41 elementor-invisible elementor-widget elementor-widget-text-editor\" data-id=\"7e04c41\" data-element_type=\"widget\" data-settings=\"{&quot;_animation&quot;:&quot;fadeInUp&quot;}\" data-widget_type=\"text-editor.default\">\n\t\t\t\t<div class=\"elementor-widget-container\">\n\t\t\t\t\t\t\t\t\t<ul><li>Kishindo<\/li><li>Formule de base 3 et secret de transmission<\/li><li>Reconnaissance et traitement des m\u00e9ridiens<\/li><li>Diagnostic Sho<\/li><li>Illumination bouddhiste (par le chant du Nembutsu Samadhi)<\/li><li>Pratiques de traitement<\/li><\/ul>\t\t\t\t\t\t\t\t<\/div>\n\t\t\t\t<\/div>\n\t\t\t\t<div class=\"elementor-element elementor-element-da44f32 elementor-invisible elementor-widget elementor-widget-text-editor\" data-id=\"da44f32\" data-element_type=\"widget\" data-settings=\"{&quot;_animation&quot;:&quot;fadeInUp&quot;}\" data-widget_type=\"text-editor.default\">\n\t\t\t\t<div class=\"elementor-widget-container\">\n\t\t\t\t\t\t\t\t\t<p>Une fois que les \u00e9tudiants ont r\u00e9ussi les examens pour les cinq niveaux, ils recevront le certificat de th\u00e9rapeute Tao Shiatsu et leur profil affich\u00e9 sur le site Web mondial de Tao Shiatsu.<\/p><p>** Les th\u00e9rapeutes Tao Shiatsu sont tenus de payer des frais d&rsquo;adh\u00e9sion annuels et de poursuivre leur formation apr\u00e8s avoir termin\u00e9 tous les tests (minimum 2 week-ends par an).<\/p>\t\t\t\t\t\t\t\t<\/div>\n\t\t\t\t<\/div>\n\t\t\t\t<div class=\"elementor-element elementor-element-f4fc00d elementor-invisible elementor-widget elementor-widget-heading\" data-id=\"f4fc00d\" data-element_type=\"widget\" data-settings=\"{&quot;_animation&quot;:&quot;fadeInUp&quot;}\" data-widget_type=\"heading.default\">\n\t\t\t\t<div class=\"elementor-widget-container\">\n\t\t\t\t\t<h3 class=\"elementor-heading-title elementor-size-default\"><\/h3>\t\t\t\t<\/div>\n\t\t\t\t<\/div>\n\t\t\t\t<div class=\"elementor-element elementor-element-6e43aeb elementor-invisible elementor-widget elementor-widget-text-editor\" data-id=\"6e43aeb\" data-element_type=\"widget\" data-settings=\"{&quot;_animation&quot;:&quot;fadeInUp&quot;}\" data-widget_type=\"text-editor.default\">\n\t\t\t\t<div class=\"elementor-widget-container\">\n\t\t\t\t\t\t\t\t\t<ul><li>Formule de base 2 (avec Yin et Yang)<\/li><li>Renki 2 \/ Kishindo 2<\/li><li>Diagnostic et traitement des m\u00e9ridiens<\/li><li>Communication Ki<\/li><\/ul>\t\t\t\t\t\t\t\t<\/div>\n\t\t\t\t<\/div>\n\t\t\t\t<div class=\"elementor-element elementor-element-b895c0e elementor-align-center elementor-widget elementor-widget-button\" data-id=\"b895c0e\" data-element_type=\"widget\" data-widget_type=\"button.default\">\n\t\t\t\t<div class=\"elementor-widget-container\">\n\t\t\t\t\t\t\t\t\t<div class=\"elementor-button-wrapper\">\n\t\t\t\t\t<a class=\"elementor-button elementor-button-link elementor-size-sm\" href=\"#elementor-action%3Aaction%3Dpopup%3Aopen%26settings%3DeyJpZCI6NTExNTAsInRvZ2dsZSI6ZmFsc2V9\">\n\t\t\t\t\t\t<span class=\"elementor-button-content-wrapper\">\n\t\t\t\t\t\t<span class=\"elementor-button-icon\">\n\t\t\t\t<svg aria-hidden=\"true\" class=\"e-font-icon-svg e-fas-angle-right\" viewBox=\"0 0 256 512\" xmlns=\"http:\/\/www.w3.org\/2000\/svg\"><path d=\"M224.3 273l-136 136c-9.4 9.4-24.6 9.4-33.9 0l-22.6-22.6c-9.4-9.4-9.4-24.6 0-33.9l96.4-96.4-96.4-96.4c-9.4-9.4-9.4-24.6 0-33.9L54.3 103c9.4-9.4 24.6-9.4 33.9 0l136 136c9.5 9.4 9.5 24.6.1 34z\"><\/path><\/svg>\t\t\t<\/span>\n\t\t\t\t\t\t\t\t\t<span class=\"elementor-button-text\">Pour vous inscrire au cours de Tao Shiatsu ou pour toute question, veuillez contacter un centre pr\u00e8s de chez vous<\/span>\n\t\t\t\t\t<\/span>\n\t\t\t\t\t<\/a>\n\t\t\t\t<\/div>\n\t\t\t\t\t\t\t\t<\/div>\n\t\t\t\t<\/div>\n\t\t\t\t\t<\/div>\n\t\t<\/div>\n\t\t\t\t\t<\/div>\n\t\t<\/section>\n\t\t\t\t<\/div>\n\t\t","protected":false},"excerpt":{"rendered":"<p>Curriculum du cours Cours de base Tao Shiatsu (6 mois) Programme de niveau 1, th\u00e9rapeute Tao Shiatsu certifi\u00e9 (environ 18 mois) Programme avanc\u00e9 Th\u00e9rapeute en Tao Shiatsu: Est certifi\u00e9 dans un centre de Tao Shiatsu et pratique physiquement \/ mentalement \/ spirituellement, et continue \u00e0 faire de son mieux \u00e0 tout moment. Assume la responsabilit\u00e9 [&hellip;]<\/p>\n","protected":false},"author":3,"featured_media":0,"parent":0,"menu_order":0,"comment_status":"closed","ping_status":"closed","template":"","meta":{"_monsterinsights_skip_tracking":false,"_monsterinsights_sitenote_active":false,"_monsterinsights_sitenote_note":"","_monsterinsights_sitenote_category":0,"footnotes":""},"class_list":["post-46772","page","type-page","status-publish","hentry"],"aioseo_notices":[],"yoast_head":"<!-- This site is optimized with the Yoast SEO plugin v26.8 - https:\/\/yoast.com\/product\/yoast-seo-wordpress\/ -->\n<title>Curriculum du cours - Tao Shiatsu Therapy<\/title>\n<meta name=\"robots\" content=\"index, follow, max-snippet:-1, max-image-preview:large, max-video-preview:-1\" \/>\n<link rel=\"canonical\" href=\"https:\/\/taoshiatsutherapy.com\/fr\/course-curriculum\/\" \/>\n<meta property=\"og:locale\" content=\"fr_FR\" \/>\n<meta property=\"og:type\" content=\"article\" \/>\n<meta property=\"og:title\" content=\"Curriculum du cours - Tao Shiatsu Therapy\" \/>\n<meta property=\"og:description\" content=\"Curriculum du cours Cours de base Tao Shiatsu (6 mois) Programme de niveau 1, th\u00e9rapeute Tao Shiatsu certifi\u00e9 (environ 18 mois) Programme avanc\u00e9 Th\u00e9rapeute en Tao Shiatsu: Est certifi\u00e9 dans un centre de Tao Shiatsu et pratique physiquement \/ mentalement \/ spirituellement, et continue \u00e0 faire de son mieux \u00e0 tout moment. Assume la responsabilit\u00e9 [&hellip;]\" \/>\n<meta property=\"og:url\" content=\"https:\/\/taoshiatsutherapy.com\/fr\/course-curriculum\/\" \/>\n<meta property=\"og:site_name\" content=\"Tao Shiatsu Therapy\" \/>\n<meta property=\"article:publisher\" content=\"https:\/\/www.facebook.com\/TaoSanghaGlobalCommunity\/\" \/>\n<meta property=\"article:modified_time\" content=\"2024-07-26T18:16:11+00:00\" \/>\n<meta name=\"twitter:card\" content=\"summary_large_image\" \/>\n<meta name=\"twitter:label1\" content=\"Dur\u00e9e de lecture estim\u00e9e\" \/>\n\t<meta name=\"twitter:data1\" content=\"3 minutes\" \/>\n<script type=\"application\/ld+json\" class=\"yoast-schema-graph\">{\"@context\":\"https:\/\/schema.org\",\"@graph\":[{\"@type\":\"WebPage\",\"@id\":\"https:\/\/taoshiatsutherapy.com\/fr\/course-curriculum\/\",\"url\":\"https:\/\/taoshiatsutherapy.com\/fr\/course-curriculum\/\",\"name\":\"Curriculum du cours - Tao Shiatsu Therapy\",\"isPartOf\":{\"@id\":\"https:\/\/taoshiatsutherapy.com\/fr\/#website\"},\"datePublished\":\"2016-12-22T21:52:05+00:00\",\"dateModified\":\"2024-07-26T18:16:11+00:00\",\"breadcrumb\":{\"@id\":\"https:\/\/taoshiatsutherapy.com\/fr\/course-curriculum\/#breadcrumb\"},\"inLanguage\":\"fr-FR\",\"potentialAction\":[{\"@type\":\"ReadAction\",\"target\":[\"https:\/\/taoshiatsutherapy.com\/fr\/course-curriculum\/\"]}]},{\"@type\":\"BreadcrumbList\",\"@id\":\"https:\/\/taoshiatsutherapy.com\/fr\/course-curriculum\/#breadcrumb\",\"itemListElement\":[{\"@type\":\"ListItem\",\"position\":1,\"name\":\"Home\",\"item\":\"https:\/\/taoshiatsutherapy.com\/fr\/\"},{\"@type\":\"ListItem\",\"position\":2,\"name\":\"Curriculum du cours\"}]},{\"@type\":\"WebSite\",\"@id\":\"https:\/\/taoshiatsutherapy.com\/fr\/#website\",\"url\":\"https:\/\/taoshiatsutherapy.com\/fr\/\",\"name\":\"Tao Shiatsu Therapy\",\"description\":\"\",\"publisher\":{\"@id\":\"https:\/\/taoshiatsutherapy.com\/fr\/#organization\"},\"potentialAction\":[{\"@type\":\"SearchAction\",\"target\":{\"@type\":\"EntryPoint\",\"urlTemplate\":\"https:\/\/taoshiatsutherapy.com\/fr\/?s={search_term_string}\"},\"query-input\":{\"@type\":\"PropertyValueSpecification\",\"valueRequired\":true,\"valueName\":\"search_term_string\"}}],\"inLanguage\":\"fr-FR\"},{\"@type\":\"Organization\",\"@id\":\"https:\/\/taoshiatsutherapy.com\/fr\/#organization\",\"name\":\"Tao Shiatsu\",\"url\":\"https:\/\/taoshiatsutherapy.com\/fr\/\",\"logo\":{\"@type\":\"ImageObject\",\"inLanguage\":\"fr-FR\",\"@id\":\"https:\/\/taoshiatsutherapy.com\/fr\/#\/schema\/logo\/image\/\",\"url\":\"https:\/\/taoshiatsutherapy.com\/wp-content\/uploads\/2014\/01\/tao_sangha_japan.png\",\"contentUrl\":\"https:\/\/taoshiatsutherapy.com\/wp-content\/uploads\/2014\/01\/tao_sangha_japan.png\",\"width\":250,\"height\":259,\"caption\":\"Tao Shiatsu\"},\"image\":{\"@id\":\"https:\/\/taoshiatsutherapy.com\/fr\/#\/schema\/logo\/image\/\"},\"sameAs\":[\"https:\/\/www.facebook.com\/TaoSanghaGlobalCommunity\/\",\"https:\/\/www.youtube.com\/user\/TaoSanghaNA\"]}]}<\/script>\n<!-- \/ Yoast SEO plugin. -->","yoast_head_json":{"title":"Curriculum du cours - Tao Shiatsu Therapy","robots":{"index":"index","follow":"follow","max-snippet":"max-snippet:-1","max-image-preview":"max-image-preview:large","max-video-preview":"max-video-preview:-1"},"canonical":"https:\/\/taoshiatsutherapy.com\/fr\/course-curriculum\/","og_locale":"fr_FR","og_type":"article","og_title":"Curriculum du cours - Tao Shiatsu Therapy","og_description":"Curriculum du cours Cours de base Tao Shiatsu (6 mois) Programme de niveau 1, th\u00e9rapeute Tao Shiatsu certifi\u00e9 (environ 18 mois) Programme avanc\u00e9 Th\u00e9rapeute en Tao Shiatsu: Est certifi\u00e9 dans un centre de Tao Shiatsu et pratique physiquement \/ mentalement \/ spirituellement, et continue \u00e0 faire de son mieux \u00e0 tout moment. Assume la responsabilit\u00e9 [&hellip;]","og_url":"https:\/\/taoshiatsutherapy.com\/fr\/course-curriculum\/","og_site_name":"Tao Shiatsu Therapy","article_publisher":"https:\/\/www.facebook.com\/TaoSanghaGlobalCommunity\/","article_modified_time":"2024-07-26T18:16:11+00:00","twitter_card":"summary_large_image","twitter_misc":{"Dur\u00e9e de lecture estim\u00e9e":"3 minutes"},"schema":{"@context":"https:\/\/schema.org","@graph":[{"@type":"WebPage","@id":"https:\/\/taoshiatsutherapy.com\/fr\/course-curriculum\/","url":"https:\/\/taoshiatsutherapy.com\/fr\/course-curriculum\/","name":"Curriculum du cours - Tao Shiatsu Therapy","isPartOf":{"@id":"https:\/\/taoshiatsutherapy.com\/fr\/#website"},"datePublished":"2016-12-22T21:52:05+00:00","dateModified":"2024-07-26T18:16:11+00:00","breadcrumb":{"@id":"https:\/\/taoshiatsutherapy.com\/fr\/course-curriculum\/#breadcrumb"},"inLanguage":"fr-FR","potentialAction":[{"@type":"ReadAction","target":["https:\/\/taoshiatsutherapy.com\/fr\/course-curriculum\/"]}]},{"@type":"BreadcrumbList","@id":"https:\/\/taoshiatsutherapy.com\/fr\/course-curriculum\/#breadcrumb","itemListElement":[{"@type":"ListItem","position":1,"name":"Home","item":"https:\/\/taoshiatsutherapy.com\/fr\/"},{"@type":"ListItem","position":2,"name":"Curriculum du cours"}]},{"@type":"WebSite","@id":"https:\/\/taoshiatsutherapy.com\/fr\/#website","url":"https:\/\/taoshiatsutherapy.com\/fr\/","name":"Tao Shiatsu Therapy","description":"","publisher":{"@id":"https:\/\/taoshiatsutherapy.com\/fr\/#organization"},"potentialAction":[{"@type":"SearchAction","target":{"@type":"EntryPoint","urlTemplate":"https:\/\/taoshiatsutherapy.com\/fr\/?s={search_term_string}"},"query-input":{"@type":"PropertyValueSpecification","valueRequired":true,"valueName":"search_term_string"}}],"inLanguage":"fr-FR"},{"@type":"Organization","@id":"https:\/\/taoshiatsutherapy.com\/fr\/#organization","name":"Tao Shiatsu","url":"https:\/\/taoshiatsutherapy.com\/fr\/","logo":{"@type":"ImageObject","inLanguage":"fr-FR","@id":"https:\/\/taoshiatsutherapy.com\/fr\/#\/schema\/logo\/image\/","url":"https:\/\/taoshiatsutherapy.com\/wp-content\/uploads\/2014\/01\/tao_sangha_japan.png","contentUrl":"https:\/\/taoshiatsutherapy.com\/wp-content\/uploads\/2014\/01\/tao_sangha_japan.png","width":250,"height":259,"caption":"Tao Shiatsu"},"image":{"@id":"https:\/\/taoshiatsutherapy.com\/fr\/#\/schema\/logo\/image\/"},"sameAs":["https:\/\/www.facebook.com\/TaoSanghaGlobalCommunity\/","https:\/\/www.youtube.com\/user\/TaoSanghaNA"]}]}},"_links":{"self":[{"href":"https:\/\/taoshiatsutherapy.com\/fr\/wp-json\/wp\/v2\/pages\/46772","targetHints":{"allow":["GET"]}}],"collection":[{"href":"https:\/\/taoshiatsutherapy.com\/fr\/wp-json\/wp\/v2\/pages"}],"about":[{"href":"https:\/\/taoshiatsutherapy.com\/fr\/wp-json\/wp\/v2\/types\/page"}],"author":[{"embeddable":true,"href":"https:\/\/taoshiatsutherapy.com\/fr\/wp-json\/wp\/v2\/users\/3"}],"replies":[{"embeddable":true,"href":"https:\/\/taoshiatsutherapy.com\/fr\/wp-json\/wp\/v2\/comments?post=46772"}],"version-history":[{"count":10,"href":"https:\/\/taoshiatsutherapy.com\/fr\/wp-json\/wp\/v2\/pages\/46772\/revisions"}],"predecessor-version":[{"id":52766,"href":"https:\/\/taoshiatsutherapy.com\/fr\/wp-json\/wp\/v2\/pages\/46772\/revisions\/52766"}],"wp:attachment":[{"href":"https:\/\/taoshiatsutherapy.com\/fr\/wp-json\/wp\/v2\/media?parent=46772"}],"curies":[{"name":"wp","href":"https:\/\/api.w.org\/{rel}","templated":true}]}}