{"id":46763,"date":"2017-01-16T17:44:30","date_gmt":"2017-01-16T17:44:30","guid":{"rendered":"http:\/\/earthcaravan.sakura.ne.jp\/TaoShiatsuTherapy\/?page_id=46763\/"},"modified":"2020-12-26T14:24:25","modified_gmt":"2020-12-26T14:24:25","slug":"study","status":"publish","type":"page","link":"https:\/\/taoshiatsutherapy.com\/fr\/study\/","title":{"rendered":"\u00c9tudier"},"content":{"rendered":"\t\t<div data-elementor-type=\"wp-page\" data-elementor-id=\"46763\" class=\"elementor elementor-46763 elementor-45914\" data-elementor-post-type=\"page\">\n\t\t\t\t\t\t<section class=\"elementor-section elementor-top-section elementor-element elementor-element-b060dde elementor-section-boxed elementor-section-height-default elementor-section-height-default\" data-id=\"b060dde\" data-element_type=\"section\" data-settings=\"{&quot;background_background&quot;:&quot;classic&quot;}\">\n\t\t\t\t\t\t<div class=\"elementor-container elementor-column-gap-default\">\n\t\t\t\t\t<div class=\"elementor-column elementor-col-100 elementor-top-column elementor-element elementor-element-69d29b5\" data-id=\"69d29b5\" data-element_type=\"column\">\n\t\t\t<div class=\"elementor-widget-wrap elementor-element-populated\">\n\t\t\t\t\t\t<div class=\"elementor-element elementor-element-ff9e004 elementor-invisible elementor-widget elementor-widget-text-editor\" data-id=\"ff9e004\" data-element_type=\"widget\" data-settings=\"{&quot;_animation&quot;:&quot;fadeInUp&quot;}\" data-widget_type=\"text-editor.default\">\n\t\t\t\t<div class=\"elementor-widget-container\">\n\t\t\t\t\t\t\t\t\t<p>\u00c9tudiez le Tao Shiatsu<\/p>\t\t\t\t\t\t\t\t<\/div>\n\t\t\t\t<\/div>\n\t\t\t\t\t<\/div>\n\t\t<\/div>\n\t\t\t\t\t<\/div>\n\t\t<\/section>\n\t\t\t\t<section class=\"elementor-section elementor-top-section elementor-element elementor-element-39553fd9 elementor-section-boxed elementor-section-height-default elementor-section-height-default\" data-id=\"39553fd9\" data-element_type=\"section\">\n\t\t\t\t\t\t<div class=\"elementor-container elementor-column-gap-default\">\n\t\t\t\t\t<div class=\"elementor-column elementor-col-100 elementor-top-column elementor-element elementor-element-1b881c9b\" data-id=\"1b881c9b\" data-element_type=\"column\">\n\t\t\t<div class=\"elementor-widget-wrap elementor-element-populated\">\n\t\t\t\t\t\t<div class=\"elementor-element elementor-element-ca60605 elementor-invisible elementor-widget elementor-widget-shortcode\" data-id=\"ca60605\" data-element_type=\"widget\" data-settings=\"{&quot;_animation&quot;:&quot;fadeInUp&quot;}\" data-widget_type=\"shortcode.default\">\n\t\t\t\t<div class=\"elementor-widget-container\">\n\t\t\t\t\t<a href=\"https:\/\/taoshiatsutherapy.com\/fr\/\">Home<\/a> \u00bb \u00c9tudier\t\t<div class=\"elementor-shortcode\"><\/div>\n\t\t\t\t\t\t<\/div>\n\t\t\t\t<\/div>\n\t\t\t\t<div class=\"elementor-element elementor-element-3343d15 elementor-invisible elementor-widget elementor-widget-heading\" data-id=\"3343d15\" data-element_type=\"widget\" data-settings=\"{&quot;_animation&quot;:&quot;fadeInUp&quot;}\" data-widget_type=\"heading.default\">\n\t\t\t\t<div class=\"elementor-widget-container\">\n\t\t\t\t\t<h2 class=\"elementor-heading-title elementor-size-default\">La formation en Tao Shiatsu<\/h2>\t\t\t\t<\/div>\n\t\t\t\t<\/div>\n\t\t\t\t<div class=\"elementor-element elementor-element-e25d24a elementor-invisible elementor-widget elementor-widget-heading\" data-id=\"e25d24a\" data-element_type=\"widget\" data-settings=\"{&quot;_animation&quot;:&quot;fadeInUp&quot;}\" data-widget_type=\"heading.default\">\n\t\t\t\t<div class=\"elementor-widget-container\">\n\t\t\t\t\t<h2 class=\"elementor-heading-title elementor-size-default\">Contenu:<\/h2>\t\t\t\t<\/div>\n\t\t\t\t<\/div>\n\t\t\t\t<div class=\"elementor-element elementor-element-4c76d609 elementor-widget elementor-widget-text-editor\" data-id=\"4c76d609\" data-element_type=\"widget\" data-widget_type=\"text-editor.default\">\n\t\t\t\t<div class=\"elementor-widget-container\">\n\t\t\t\t\t\t\t\t\t<ul><li><strong>Trouvez et ressentez le tsubo \u00e0 travers vos yeux depuis votre c\u0153ur<\/strong><\/li><li><strong>\u00catre capable de donner un traitement efficace<\/strong><\/li><li><strong>D\u00e9couvrez votre puissance potentielle<\/strong><\/li><li><strong>Am\u00e9liorez vos capacit\u00e9s de communication<\/strong><\/li><li><strong>Augmentez votre bonheur et jouissez de la vie<\/strong><\/li><li><strong>Entra\u00eenez-vous et augmentez votre \u00e9nergie Ki<\/strong><\/li><li><strong>Vivez l&rsquo;illumination<\/strong><\/li><\/ul>\t\t\t\t\t\t\t\t<\/div>\n\t\t\t\t<\/div>\n\t\t\t\t<div class=\"elementor-element elementor-element-b007448 elementor-invisible elementor-widget elementor-widget-heading\" data-id=\"b007448\" data-element_type=\"widget\" data-settings=\"{&quot;_animation&quot;:&quot;fadeInUp&quot;}\" data-widget_type=\"heading.default\">\n\t\t\t\t<div class=\"elementor-widget-container\">\n\t\t\t\t\t<h2 class=\"elementor-heading-title elementor-size-default\">Sujets:<\/h2>\t\t\t\t<\/div>\n\t\t\t\t<\/div>\n\t\t\t\t<div class=\"elementor-element elementor-element-83bf7c6 elementor-widget elementor-widget-text-editor\" data-id=\"83bf7c6\" data-element_type=\"widget\" data-widget_type=\"text-editor.default\">\n\t\t\t\t<div class=\"elementor-widget-container\">\n\t\t\t\t\t\t\t\t\t<ul><li><strong>Exercice Renki<\/strong><\/li><li><strong>Tsubo, SST (Tsubo sp\u00e9cifique aux super vaisseaux)<\/strong><\/li><li><strong>M\u00e9ridiens<\/strong><\/li><li><strong>Formes de base 1, 2, et 3<\/strong><\/li><li><strong>Communication de Ki<\/strong><\/li><\/ul>\t\t\t\t\t\t\t\t<\/div>\n\t\t\t\t<\/div>\n\t\t\t\t<div class=\"elementor-element elementor-element-db1eb22 elementor-align-center elementor-widget elementor-widget-button\" data-id=\"db1eb22\" data-element_type=\"widget\" data-widget_type=\"button.default\">\n\t\t\t\t<div class=\"elementor-widget-container\">\n\t\t\t\t\t\t\t\t\t<div class=\"elementor-button-wrapper\">\n\t\t\t\t\t<a class=\"elementor-button elementor-button-link elementor-size-sm\" href=\"#elementor-action%3Aaction%3Dpopup%3Aopen%26settings%3DeyJpZCI6NTExNTAsInRvZ2dsZSI6ZmFsc2V9\">\n\t\t\t\t\t\t<span class=\"elementor-button-content-wrapper\">\n\t\t\t\t\t\t<span class=\"elementor-button-icon\">\n\t\t\t\t<svg aria-hidden=\"true\" class=\"e-font-icon-svg e-fas-angle-right\" viewBox=\"0 0 256 512\" xmlns=\"http:\/\/www.w3.org\/2000\/svg\"><path d=\"M224.3 273l-136 136c-9.4 9.4-24.6 9.4-33.9 0l-22.6-22.6c-9.4-9.4-9.4-24.6 0-33.9l96.4-96.4-96.4-96.4c-9.4-9.4-9.4-24.6 0-33.9L54.3 103c9.4-9.4 24.6-9.4 33.9 0l136 136c9.5 9.4 9.5 24.6.1 34z\"><\/path><\/svg>\t\t\t<\/span>\n\t\t\t\t\t\t\t\t\t<span class=\"elementor-button-text\">Pour vous inscrire au cours de Tao Shiatsu ou si vous avez des questions, veuillez contacter un centre pr\u00e8s de chez vous<\/span>\n\t\t\t\t\t<\/span>\n\t\t\t\t\t<\/a>\n\t\t\t\t<\/div>\n\t\t\t\t\t\t\t\t<\/div>\n\t\t\t\t<\/div>\n\t\t\t\t<div class=\"elementor-element elementor-element-aeb755b elementor-invisible elementor-widget elementor-widget-heading\" data-id=\"aeb755b\" data-element_type=\"widget\" data-settings=\"{&quot;_animation&quot;:&quot;fadeInUp&quot;}\" data-widget_type=\"heading.default\">\n\t\t\t\t<div class=\"elementor-widget-container\">\n\t\t\t\t\t<h3 class=\"elementor-heading-title elementor-size-default\">Ressentez l'\u00e9nergie du Ki<\/h3>\t\t\t\t<\/div>\n\t\t\t\t<\/div>\n\t\t\t\t<div class=\"elementor-element elementor-element-1c31ce5 elementor-invisible elementor-widget elementor-widget-text-editor\" data-id=\"1c31ce5\" data-element_type=\"widget\" data-settings=\"{&quot;_animation&quot;:&quot;fadeInUp&quot;}\" data-widget_type=\"text-editor.default\">\n\t\t\t\t<div class=\"elementor-widget-container\">\n\t\t\t\t\t\t\t\t\t<h4><span style=\"color: var( --e-global-color-text ); font-family: var( --e-global-typography-text-font-family ), Sans-serif; font-size: var( --e-global-typography-text-font-size ); font-weight: var( --e-global-typography-text-font-weight );\">Vous pouvez clairement ressentir l&rsquo;existence de l&rsquo;\u00e9nergie Ki.<\/span><\/h4><p>Vous ferez l&rsquo;exp\u00e9rience et comprendrez, les diff\u00e9rentes sensations \u00e9nerg\u00e9tiques Ki en relation avec l&rsquo;\u00e9tat de votre c\u0153ur. Trouvez et ressentez le tsubo par vos yeux \u00e0 travers votre c\u0153ur.<\/p><p>Il n&rsquo;y a pas d&#8217;emplacement fixe pour tsubo; alors, o\u00f9 est le tsubo? Vous comprendrez de vos propres yeux \u00e0 travers votre c\u0153ur.<\/p>\t\t\t\t\t\t\t\t<\/div>\n\t\t\t\t<\/div>\n\t\t\t\t<div class=\"elementor-element elementor-element-9df2c7e elementor-invisible elementor-widget elementor-widget-heading\" data-id=\"9df2c7e\" data-element_type=\"widget\" data-settings=\"{&quot;_animation&quot;:&quot;fadeInUp&quot;}\" data-widget_type=\"heading.default\">\n\t\t\t\t<div class=\"elementor-widget-container\">\n\t\t\t\t\t<h3 class=\"elementor-heading-title elementor-size-default\">\u00catre capable de donner un traitement efficace<\/h3>\t\t\t\t<\/div>\n\t\t\t\t<\/div>\n\t\t\t\t<div class=\"elementor-element elementor-element-d388dd0 elementor-invisible elementor-widget elementor-widget-text-editor\" data-id=\"d388dd0\" data-element_type=\"widget\" data-settings=\"{&quot;_animation&quot;:&quot;fadeInUp&quot;}\" data-widget_type=\"text-editor.default\">\n\t\t\t\t<div class=\"elementor-widget-container\">\n\t\t\t\t\t\t\t\t\t<p>Vous pouvez donner le traitement le plus efficace avec la m\u00e9thode Ki et traiter le tsubo en regardant au plus profond de votre c\u0153ur.<\/p>\t\t\t\t\t\t\t\t<\/div>\n\t\t\t\t<\/div>\n\t\t\t\t<div class=\"elementor-element elementor-element-135892d elementor-invisible elementor-widget elementor-widget-heading\" data-id=\"135892d\" data-element_type=\"widget\" data-settings=\"{&quot;_animation&quot;:&quot;fadeInUp&quot;}\" data-widget_type=\"heading.default\">\n\t\t\t\t<div class=\"elementor-widget-container\">\n\t\t\t\t\t<h3 class=\"elementor-heading-title elementor-size-default\">D\u00e9couvrez votre puissance potentielle\n<\/h3>\t\t\t\t<\/div>\n\t\t\t\t<\/div>\n\t\t\t\t<div class=\"elementor-element elementor-element-078a225 elementor-invisible elementor-widget elementor-widget-text-editor\" data-id=\"078a225\" data-element_type=\"widget\" data-settings=\"{&quot;_animation&quot;:&quot;fadeInUp&quot;}\" data-widget_type=\"text-editor.default\">\n\t\t\t\t<div class=\"elementor-widget-container\">\n\t\t\t\t\t\t\t\t\t<p>La m\u00e9thode Ki du Tao Shiatsu est bas\u00e9e sur la pratique bouddhiste<br \/>cela d\u00e9bloquera votre puissance potentielle.<\/p>\t\t\t\t\t\t\t\t<\/div>\n\t\t\t\t<\/div>\n\t\t\t\t<div class=\"elementor-element elementor-element-60e312f elementor-invisible elementor-widget elementor-widget-heading\" data-id=\"60e312f\" data-element_type=\"widget\" data-settings=\"{&quot;_animation&quot;:&quot;fadeInUp&quot;}\" data-widget_type=\"heading.default\">\n\t\t\t\t<div class=\"elementor-widget-container\">\n\t\t\t\t\t<h3 class=\"elementor-heading-title elementor-size-default\">Am\u00e9liorez vos capacit\u00e9s de communication<\/h3>\t\t\t\t<\/div>\n\t\t\t\t<\/div>\n\t\t\t\t<div class=\"elementor-element elementor-element-31fc0e9 elementor-invisible elementor-widget elementor-widget-text-editor\" data-id=\"31fc0e9\" data-element_type=\"widget\" data-settings=\"{&quot;_animation&quot;:&quot;fadeInUp&quot;}\" data-widget_type=\"text-editor.default\">\n\t\t\t\t<div class=\"elementor-widget-container\">\n\t\t\t\t\t\t\t\t\t<p>La pratique de la communication Ki am\u00e9liorera votre capacit\u00e9 \u00e0 communiquer avec les autres.<\/p>\t\t\t\t\t\t\t\t<\/div>\n\t\t\t\t<\/div>\n\t\t\t\t<div class=\"elementor-element elementor-element-a6f1701 elementor-invisible elementor-widget elementor-widget-heading\" data-id=\"a6f1701\" data-element_type=\"widget\" data-settings=\"{&quot;_animation&quot;:&quot;fadeInUp&quot;}\" data-widget_type=\"heading.default\">\n\t\t\t\t<div class=\"elementor-widget-container\">\n\t\t\t\t\t<h3 class=\"elementor-heading-title elementor-size-default\">Augmentez votre bonheur et jouissez de la vie<\/h3>\t\t\t\t<\/div>\n\t\t\t\t<\/div>\n\t\t\t\t<div class=\"elementor-element elementor-element-b028514 elementor-invisible elementor-widget elementor-widget-text-editor\" data-id=\"b028514\" data-element_type=\"widget\" data-settings=\"{&quot;_animation&quot;:&quot;fadeInUp&quot;}\" data-widget_type=\"text-editor.default\">\n\t\t\t\t<div class=\"elementor-widget-container\">\n\t\t\t\t\t\t\t\t\t<p>Comment les \u00eatres humains peuvent-ils \u00eatre heureux?<br \/>La formation Tao Shiatsu r\u00e9pond \u00e0 cette question, car elle a prouv\u00e9 qu&rsquo;elle augmentait la puissance de bonheur et de jouissance de la vie.<br \/>Entra\u00eenez-vous avec l&rsquo;\u00e9nergie Ki et approfondissez votre bonheur et votre plaisir au quotidien!<\/p><p>Le traitement Tao Shiatsu repr\u00e9sente l&rsquo;unification du c\u0153ur et du corps. Vous serez surpris \u00e0 chaque cours.<\/p>\t\t\t\t\t\t\t\t<\/div>\n\t\t\t\t<\/div>\n\t\t\t\t<div class=\"elementor-element elementor-element-275bf57 elementor-invisible elementor-widget elementor-widget-video\" data-id=\"275bf57\" data-element_type=\"widget\" data-settings=\"{&quot;youtube_url&quot;:&quot;https:\\\/\\\/youtu.be\\\/vf0YIacBqgw?list=PLax79bZBPrnhiymjR3xzrIz1NS7EEBn_i&quot;,&quot;_animation&quot;:&quot;fadeInUp&quot;,&quot;video_type&quot;:&quot;youtube&quot;,&quot;controls&quot;:&quot;yes&quot;}\" data-widget_type=\"video.default\">\n\t\t\t\t<div class=\"elementor-widget-container\">\n\t\t\t\t\t\t\t<div class=\"elementor-wrapper elementor-open-inline\">\n\t\t\t<div class=\"elementor-video\"><\/div>\t\t<\/div>\n\t\t\t\t\t\t<\/div>\n\t\t\t\t<\/div>\n\t\t\t\t\t<\/div>\n\t\t<\/div>\n\t\t\t\t\t<\/div>\n\t\t<\/section>\n\t\t\t\t<\/div>\n\t\t","protected":false},"excerpt":{"rendered":"<p>\u00c9tudiez le Tao Shiatsu La formation en Tao Shiatsu Contenu: Trouvez et ressentez le tsubo \u00e0 travers vos yeux depuis votre c\u0153ur \u00catre capable de donner un traitement efficace D\u00e9couvrez votre puissance potentielle Am\u00e9liorez vos capacit\u00e9s de communication Augmentez votre bonheur et jouissez de la vie Entra\u00eenez-vous et augmentez votre \u00e9nergie Ki Vivez l&rsquo;illumination Sujets: [&hellip;]<\/p>\n","protected":false},"author":3,"featured_media":0,"parent":0,"menu_order":0,"comment_status":"closed","ping_status":"closed","template":"","meta":{"_monsterinsights_skip_tracking":false,"_monsterinsights_sitenote_active":false,"_monsterinsights_sitenote_note":"","_monsterinsights_sitenote_category":0,"footnotes":""},"class_list":["post-46763","page","type-page","status-publish","hentry"],"aioseo_notices":[],"yoast_head":"<!-- This site is optimized with the Yoast SEO plugin v26.8 - https:\/\/yoast.com\/product\/yoast-seo-wordpress\/ -->\n<title>\u00c9tudier - Tao Shiatsu Therapy<\/title>\n<meta name=\"robots\" content=\"index, follow, max-snippet:-1, max-image-preview:large, max-video-preview:-1\" \/>\n<link rel=\"canonical\" href=\"https:\/\/taoshiatsutherapy.com\/fr\/study\/\" \/>\n<meta property=\"og:locale\" content=\"fr_FR\" \/>\n<meta property=\"og:type\" content=\"article\" \/>\n<meta property=\"og:title\" content=\"\u00c9tudier - Tao Shiatsu Therapy\" \/>\n<meta property=\"og:description\" content=\"\u00c9tudiez le Tao Shiatsu La formation en Tao Shiatsu Contenu: Trouvez et ressentez le tsubo \u00e0 travers vos yeux depuis votre c\u0153ur \u00catre capable de donner un traitement efficace D\u00e9couvrez votre puissance potentielle Am\u00e9liorez vos capacit\u00e9s de communication Augmentez votre bonheur et jouissez de la vie Entra\u00eenez-vous et augmentez votre \u00e9nergie Ki Vivez l&rsquo;illumination Sujets: [&hellip;]\" \/>\n<meta property=\"og:url\" content=\"https:\/\/taoshiatsutherapy.com\/fr\/study\/\" \/>\n<meta property=\"og:site_name\" content=\"Tao Shiatsu Therapy\" \/>\n<meta property=\"article:publisher\" content=\"https:\/\/www.facebook.com\/TaoSanghaGlobalCommunity\/\" \/>\n<meta property=\"article:modified_time\" content=\"2020-12-26T14:24:25+00:00\" \/>\n<meta name=\"twitter:card\" content=\"summary_large_image\" \/>\n<meta name=\"twitter:label1\" content=\"Dur\u00e9e de lecture estim\u00e9e\" \/>\n\t<meta name=\"twitter:data1\" content=\"2 minutes\" \/>\n<script type=\"application\/ld+json\" class=\"yoast-schema-graph\">{\"@context\":\"https:\/\/schema.org\",\"@graph\":[{\"@type\":\"WebPage\",\"@id\":\"https:\/\/taoshiatsutherapy.com\/fr\/study\/\",\"url\":\"https:\/\/taoshiatsutherapy.com\/fr\/study\/\",\"name\":\"\u00c9tudier - Tao Shiatsu Therapy\",\"isPartOf\":{\"@id\":\"https:\/\/taoshiatsutherapy.com\/fr\/#website\"},\"datePublished\":\"2017-01-16T17:44:30+00:00\",\"dateModified\":\"2020-12-26T14:24:25+00:00\",\"breadcrumb\":{\"@id\":\"https:\/\/taoshiatsutherapy.com\/fr\/study\/#breadcrumb\"},\"inLanguage\":\"fr-FR\",\"potentialAction\":[{\"@type\":\"ReadAction\",\"target\":[\"https:\/\/taoshiatsutherapy.com\/fr\/study\/\"]}]},{\"@type\":\"BreadcrumbList\",\"@id\":\"https:\/\/taoshiatsutherapy.com\/fr\/study\/#breadcrumb\",\"itemListElement\":[{\"@type\":\"ListItem\",\"position\":1,\"name\":\"Home\",\"item\":\"https:\/\/taoshiatsutherapy.com\/fr\/\"},{\"@type\":\"ListItem\",\"position\":2,\"name\":\"\u00c9tudier\"}]},{\"@type\":\"WebSite\",\"@id\":\"https:\/\/taoshiatsutherapy.com\/fr\/#website\",\"url\":\"https:\/\/taoshiatsutherapy.com\/fr\/\",\"name\":\"Tao Shiatsu Therapy\",\"description\":\"\",\"publisher\":{\"@id\":\"https:\/\/taoshiatsutherapy.com\/fr\/#organization\"},\"potentialAction\":[{\"@type\":\"SearchAction\",\"target\":{\"@type\":\"EntryPoint\",\"urlTemplate\":\"https:\/\/taoshiatsutherapy.com\/fr\/?s={search_term_string}\"},\"query-input\":{\"@type\":\"PropertyValueSpecification\",\"valueRequired\":true,\"valueName\":\"search_term_string\"}}],\"inLanguage\":\"fr-FR\"},{\"@type\":\"Organization\",\"@id\":\"https:\/\/taoshiatsutherapy.com\/fr\/#organization\",\"name\":\"Tao Shiatsu\",\"url\":\"https:\/\/taoshiatsutherapy.com\/fr\/\",\"logo\":{\"@type\":\"ImageObject\",\"inLanguage\":\"fr-FR\",\"@id\":\"https:\/\/taoshiatsutherapy.com\/fr\/#\/schema\/logo\/image\/\",\"url\":\"https:\/\/taoshiatsutherapy.com\/wp-content\/uploads\/2014\/01\/tao_sangha_japan.png\",\"contentUrl\":\"https:\/\/taoshiatsutherapy.com\/wp-content\/uploads\/2014\/01\/tao_sangha_japan.png\",\"width\":250,\"height\":259,\"caption\":\"Tao Shiatsu\"},\"image\":{\"@id\":\"https:\/\/taoshiatsutherapy.com\/fr\/#\/schema\/logo\/image\/\"},\"sameAs\":[\"https:\/\/www.facebook.com\/TaoSanghaGlobalCommunity\/\",\"https:\/\/www.youtube.com\/user\/TaoSanghaNA\"]}]}<\/script>\n<!-- \/ Yoast SEO plugin. -->","yoast_head_json":{"title":"\u00c9tudier - Tao Shiatsu Therapy","robots":{"index":"index","follow":"follow","max-snippet":"max-snippet:-1","max-image-preview":"max-image-preview:large","max-video-preview":"max-video-preview:-1"},"canonical":"https:\/\/taoshiatsutherapy.com\/fr\/study\/","og_locale":"fr_FR","og_type":"article","og_title":"\u00c9tudier - Tao Shiatsu Therapy","og_description":"\u00c9tudiez le Tao Shiatsu La formation en Tao Shiatsu Contenu: Trouvez et ressentez le tsubo \u00e0 travers vos yeux depuis votre c\u0153ur \u00catre capable de donner un traitement efficace D\u00e9couvrez votre puissance potentielle Am\u00e9liorez vos capacit\u00e9s de communication Augmentez votre bonheur et jouissez de la vie Entra\u00eenez-vous et augmentez votre \u00e9nergie Ki Vivez l&rsquo;illumination Sujets: [&hellip;]","og_url":"https:\/\/taoshiatsutherapy.com\/fr\/study\/","og_site_name":"Tao Shiatsu Therapy","article_publisher":"https:\/\/www.facebook.com\/TaoSanghaGlobalCommunity\/","article_modified_time":"2020-12-26T14:24:25+00:00","twitter_card":"summary_large_image","twitter_misc":{"Dur\u00e9e de lecture estim\u00e9e":"2 minutes"},"schema":{"@context":"https:\/\/schema.org","@graph":[{"@type":"WebPage","@id":"https:\/\/taoshiatsutherapy.com\/fr\/study\/","url":"https:\/\/taoshiatsutherapy.com\/fr\/study\/","name":"\u00c9tudier - Tao Shiatsu Therapy","isPartOf":{"@id":"https:\/\/taoshiatsutherapy.com\/fr\/#website"},"datePublished":"2017-01-16T17:44:30+00:00","dateModified":"2020-12-26T14:24:25+00:00","breadcrumb":{"@id":"https:\/\/taoshiatsutherapy.com\/fr\/study\/#breadcrumb"},"inLanguage":"fr-FR","potentialAction":[{"@type":"ReadAction","target":["https:\/\/taoshiatsutherapy.com\/fr\/study\/"]}]},{"@type":"BreadcrumbList","@id":"https:\/\/taoshiatsutherapy.com\/fr\/study\/#breadcrumb","itemListElement":[{"@type":"ListItem","position":1,"name":"Home","item":"https:\/\/taoshiatsutherapy.com\/fr\/"},{"@type":"ListItem","position":2,"name":"\u00c9tudier"}]},{"@type":"WebSite","@id":"https:\/\/taoshiatsutherapy.com\/fr\/#website","url":"https:\/\/taoshiatsutherapy.com\/fr\/","name":"Tao Shiatsu Therapy","description":"","publisher":{"@id":"https:\/\/taoshiatsutherapy.com\/fr\/#organization"},"potentialAction":[{"@type":"SearchAction","target":{"@type":"EntryPoint","urlTemplate":"https:\/\/taoshiatsutherapy.com\/fr\/?s={search_term_string}"},"query-input":{"@type":"PropertyValueSpecification","valueRequired":true,"valueName":"search_term_string"}}],"inLanguage":"fr-FR"},{"@type":"Organization","@id":"https:\/\/taoshiatsutherapy.com\/fr\/#organization","name":"Tao Shiatsu","url":"https:\/\/taoshiatsutherapy.com\/fr\/","logo":{"@type":"ImageObject","inLanguage":"fr-FR","@id":"https:\/\/taoshiatsutherapy.com\/fr\/#\/schema\/logo\/image\/","url":"https:\/\/taoshiatsutherapy.com\/wp-content\/uploads\/2014\/01\/tao_sangha_japan.png","contentUrl":"https:\/\/taoshiatsutherapy.com\/wp-content\/uploads\/2014\/01\/tao_sangha_japan.png","width":250,"height":259,"caption":"Tao Shiatsu"},"image":{"@id":"https:\/\/taoshiatsutherapy.com\/fr\/#\/schema\/logo\/image\/"},"sameAs":["https:\/\/www.facebook.com\/TaoSanghaGlobalCommunity\/","https:\/\/www.youtube.com\/user\/TaoSanghaNA"]}]}},"_links":{"self":[{"href":"https:\/\/taoshiatsutherapy.com\/fr\/wp-json\/wp\/v2\/pages\/46763","targetHints":{"allow":["GET"]}}],"collection":[{"href":"https:\/\/taoshiatsutherapy.com\/fr\/wp-json\/wp\/v2\/pages"}],"about":[{"href":"https:\/\/taoshiatsutherapy.com\/fr\/wp-json\/wp\/v2\/types\/page"}],"author":[{"embeddable":true,"href":"https:\/\/taoshiatsutherapy.com\/fr\/wp-json\/wp\/v2\/users\/3"}],"replies":[{"embeddable":true,"href":"https:\/\/taoshiatsutherapy.com\/fr\/wp-json\/wp\/v2\/comments?post=46763"}],"version-history":[{"count":10,"href":"https:\/\/taoshiatsutherapy.com\/fr\/wp-json\/wp\/v2\/pages\/46763\/revisions"}],"predecessor-version":[{"id":52190,"href":"https:\/\/taoshiatsutherapy.com\/fr\/wp-json\/wp\/v2\/pages\/46763\/revisions\/52190"}],"wp:attachment":[{"href":"https:\/\/taoshiatsutherapy.com\/fr\/wp-json\/wp\/v2\/media?parent=46763"}],"curies":[{"name":"wp","href":"https:\/\/api.w.org\/{rel}","templated":true}]}}