{"id":46679,"date":"2017-01-08T19:39:25","date_gmt":"2017-01-08T19:39:25","guid":{"rendered":"http:\/\/earthcaravan.sakura.ne.jp\/TaoShiatsuTherapy\/?page_id=46679\/"},"modified":"2026-02-02T22:28:49","modified_gmt":"2026-02-02T22:28:49","slug":"eastern-townships-tao-sangha-booking","status":"publish","type":"page","link":"https:\/\/taoshiatsutherapy.com\/fr\/eastern-townships-tao-sangha-booking\/","title":{"rendered":"Eastern Townships Booking"},"content":{"rendered":"<p>[et_pb_section fb_built=\u00a0\u00bb1&Prime; fullwidth=\u00a0\u00bbon\u00a0\u00bb custom_padding_last_edited=\u00a0\u00bbon|desktop\u00a0\u00bb _builder_version=\u00a0\u00bb4.3.3&Prime; background_image=\u00a0\u00bbhttps:\/\/taoshiatsutherapy.com\/wp-content\/uploads\/2016\/12\/The-Eastern-Townships-000083202631_Large.jpg\u00a0\u00bb custom_padding=\u00a0\u00bb||0px|\u00a0\u00bb custom_padding_tablet=\u00a0\u00bb50px|0|50px|0&Prime; custom_padding_phone=\u00a0\u00bb\u00a0\u00bb hover_enabled=\u00a0\u00bb0&Prime; transparent_background=\u00a0\u00bboff\u00a0\u00bb padding_mobile=\u00a0\u00bboff\u00a0\u00bb make_fullwidth=\u00a0\u00bboff\u00a0\u00bb use_custom_width=\u00a0\u00bboff\u00a0\u00bb width_unit=\u00a0\u00bbon\u00a0\u00bb][et_pb_fullwidth_header title=\u00a0\u00bbEastern Townships Tao Shiatsu Centre\u00a0\u00bb text_orientation=\u00a0\u00bbcenter\u00a0\u00bb _builder_version=\u00a0\u00bb3.16&Prime; title_font_size=\u00a0\u00bb60px\u00a0\u00bb background_color=\u00a0\u00bbrgba(255, 255, 255, 0)\u00a0\u00bb max_width_tablet=\u00a0\u00bb50px\u00a0\u00bb custom_css_main_element=\u00a0\u00bbpadding-top:100px;||padding-bottom:50px;\u00a0\u00bb button_one_text_size__hover_enabled=\u00a0\u00bboff\u00a0\u00bb button_two_text_size__hover_enabled=\u00a0\u00bboff\u00a0\u00bb button_one_text_color__hover_enabled=\u00a0\u00bboff\u00a0\u00bb button_two_text_color__hover_enabled=\u00a0\u00bboff\u00a0\u00bb button_one_border_width__hover_enabled=\u00a0\u00bboff\u00a0\u00bb button_two_border_width__hover_enabled=\u00a0\u00bboff\u00a0\u00bb button_one_border_color__hover_enabled=\u00a0\u00bboff\u00a0\u00bb button_two_border_color__hover_enabled=\u00a0\u00bboff\u00a0\u00bb button_one_border_radius__hover_enabled=\u00a0\u00bboff\u00a0\u00bb button_two_border_radius__hover_enabled=\u00a0\u00bboff\u00a0\u00bb button_one_letter_spacing__hover_enabled=\u00a0\u00bboff\u00a0\u00bb button_two_letter_spacing__hover_enabled=\u00a0\u00bboff\u00a0\u00bb button_one_bg_color__hover_enabled=\u00a0\u00bboff\u00a0\u00bb button_two_bg_color__hover_enabled=\u00a0\u00bboff\u00a0\u00bb][\/et_pb_fullwidth_header][\/et_pb_section][et_pb_section fb_built=\u00a0\u00bb1&Prime; custom_padding_last_edited=\u00a0\u00bbon|desktop\u00a0\u00bb admin_label=\u00a0\u00bbsection\u00a0\u00bb _builder_version=\u00a0\u00bb3.22&Prime; custom_padding=\u00a0\u00bb0px||0px|\u00a0\u00bb custom_padding_tablet=\u00a0\u00bb50px|0|50px|0&Prime; custom_padding_phone=\u00a0\u00bb\u00a0\u00bb transparent_background=\u00a0\u00bboff\u00a0\u00bb padding_mobile=\u00a0\u00bboff\u00a0\u00bb make_fullwidth=\u00a0\u00bboff\u00a0\u00bb use_custom_width=\u00a0\u00bboff\u00a0\u00bb width_unit=\u00a0\u00bbon\u00a0\u00bb][et_pb_row padding_mobile=\u00a0\u00bboff\u00a0\u00bb column_padding_mobile=\u00a0\u00bbon\u00a0\u00bb _builder_version=\u00a0\u00bb3.25&Prime; background_color=\u00a0\u00bb#ffffff\u00a0\u00bb background_size=\u00a0\u00bbinitial\u00a0\u00bb background_position=\u00a0\u00bbtop_left\u00a0\u00bb background_repeat=\u00a0\u00bbrepeat\u00a0\u00bb make_fullwidth=\u00a0\u00bboff\u00a0\u00bb use_custom_width=\u00a0\u00bboff\u00a0\u00bb width_unit=\u00a0\u00bbon\u00a0\u00bb][et_pb_column type=\u00a0\u00bb4_4&Prime; _builder_version=\u00a0\u00bb3.25&Prime; custom_padding=\u00a0\u00bb|||\u00a0\u00bb custom_padding__hover=\u00a0\u00bb|||\u00a0\u00bb][et_pb_text _builder_version=\u00a0\u00bb3.27.4&Prime; background_size=\u00a0\u00bbinitial\u00a0\u00bb background_position=\u00a0\u00bbtop_left\u00a0\u00bb background_repeat=\u00a0\u00bbrepeat\u00a0\u00bb use_border_color=\u00a0\u00bboff\u00a0\u00bb border_color=\u00a0\u00bb#ffffff\u00a0\u00bb border_style=\u00a0\u00bbsolid\u00a0\u00bb]<\/p>\n<h1>Book Your Treatment<\/h1>\n<p>[contact-form-7 id=\u00a0\u00bb47986&Prime; title=\u00a0\u00bbMake Tao Shiatsu Appointment at Easterntownships\u00a0\u00bb]<br \/>\n[\/et_pb_text][et_pb_divider show_divider=\u00a0\u00bboff\u00a0\u00bb disabled_on=\u00a0\u00bbon|on|off\u00a0\u00bb _builder_version=\u00a0\u00bb3.23.4&Prime; height=\u00a0\u00bb2px\u00a0\u00bb hide_on_mobile=\u00a0\u00bbon\u00a0\u00bb][\/et_pb_divider][\/et_pb_column][\/et_pb_row][\/et_pb_section][et_pb_section fb_built=\u00a0\u00bb1&Prime; custom_padding_last_edited=\u00a0\u00bbon|desktop\u00a0\u00bb admin_label=\u00a0\u00bbsection\u00a0\u00bb _builder_version=\u00a0\u00bb3.22&Prime; background_color=\u00a0\u00bb#624398&Prime; custom_padding=\u00a0\u00bb0px||0px|\u00a0\u00bb custom_padding_tablet=\u00a0\u00bb50px|0|50px|0&Prime; custom_padding_phone=\u00a0\u00bb\u00a0\u00bb transparent_background=\u00a0\u00bboff\u00a0\u00bb padding_mobile=\u00a0\u00bboff\u00a0\u00bb make_fullwidth=\u00a0\u00bboff\u00a0\u00bb use_custom_width=\u00a0\u00bboff\u00a0\u00bb width_unit=\u00a0\u00bbon\u00a0\u00bb][et_pb_row padding_mobile=\u00a0\u00bboff\u00a0\u00bb column_padding_mobile=\u00a0\u00bbon\u00a0\u00bb admin_label=\u00a0\u00bbrow\u00a0\u00bb module_class=\u00a0\u00bb et_pb_row_fullwidth\u00a0\u00bb _builder_version=\u00a0\u00bb3.25&Prime; background_size=\u00a0\u00bbinitial\u00a0\u00bb background_position=\u00a0\u00bbtop_left\u00a0\u00bb background_repeat=\u00a0\u00bbrepeat\u00a0\u00bb width=\u00a0\u00bb89%\u00a0\u00bb width_tablet=\u00a0\u00bb80%\u00a0\u00bb width_last_edited=\u00a0\u00bbon|desktop\u00a0\u00bb max_width=\u00a0\u00bb89%\u00a0\u00bb max_width_tablet=\u00a0\u00bb80%\u00a0\u00bb max_width_last_edited=\u00a0\u00bbon|desktop\u00a0\u00bb custom_margin=\u00a0\u00bb||0px|\u00a0\u00bb custom_padding=\u00a0\u00bb0px||0px|\u00a0\u00bb make_fullwidth=\u00a0\u00bbon\u00a0\u00bb use_custom_width=\u00a0\u00bboff\u00a0\u00bb width_unit=\u00a0\u00bbon\u00a0\u00bb column_structure=\u00a0\u00bb1_3,2_3&Prime;][et_pb_column type=\u00a0\u00bb1_3&Prime; _builder_version=\u00a0\u00bb3.25&Prime; custom_padding=\u00a0\u00bb|||\u00a0\u00bb custom_padding__hover=\u00a0\u00bb|||\u00a0\u00bb][et_pb_text _builder_version=\u00a0\u00bb3.27.4&Prime; background_size=\u00a0\u00bbinitial\u00a0\u00bb background_position=\u00a0\u00bbtop_left\u00a0\u00bb background_repeat=\u00a0\u00bbrepeat\u00a0\u00bb text_orientation=\u00a0\u00bbcenter\u00a0\u00bb background_layout=\u00a0\u00bbdark\u00a0\u00bb module_alignment=\u00a0\u00bbcenter\u00a0\u00bb custom_margin=\u00a0\u00bb100px|||\u00a0\u00bb border_style=\u00a0\u00bbsolid\u00a0\u00bb]<\/p>\n<h1 style=\"text-align: center;\">Eastern Townships<\/h1>\n<div class=\"section-info\" style=\"text-align: center;\">\n<p class=\"section-info-line\">3809 route 202 (Principale), suite 206<br \/>\nDunham QC \u00a0J0E 1M0<\/p>\n<\/div>\n<h4 class=\"section-info-line\" style=\"text-align: center;\"><span class=\"section-info-text\" style=\"color: #ffffff;\"><a class=\"widget-pane-link\" style=\"color: #ffffff;\" href=\"http:\/\/taosangha-na.com\/category\/news-and-events-tao-sangha-eastern-townships\/\" target=\"_blank\" rel=\"noopener noreferrer\" data-attribution-url=\"http:\/\/taosangha-na.com\/\" data-redirect=\"1,AFQjCNEVs5ZGTEyBsQxbgycR5T2-HLhUOA,,0ahUKEwiLwsSh5cDPAhVS0mMKHb2sDMAQ61gIDCgHMAA,,\">taosangha-na.com<\/a><\/span><\/h4>\n<div class=\"section-info\">\n<h4 class=\"section-info-line\" style=\"text-align: center;\"><span class=\"section-info-text\"><a class=\"widget-pane-link\" data-href=\"tel:+14169257575\">+1 450-295-1470<\/a><\/span><\/h4>\n<\/div>\n<p>&nbsp;<br \/>\n[\/et_pb_text][\/et_pb_column][et_pb_column type=\u00a0\u00bb2_3&Prime; _builder_version=\u00a0\u00bb3.25&Prime; custom_padding=\u00a0\u00bb|||\u00a0\u00bb custom_padding__hover=\u00a0\u00bb|||\u00a0\u00bb][et_pb_map address=\u00a0\u00bb3809 QC-202, Dunham, QC J0E 1M0, Canada\u00a0\u00bb zoom_level=\u00a0\u00bb17&Prime; address_lat=\u00a0\u00bb45.13045899412979&Prime; address_lng=\u00a0\u00bb-72.80071615362681&Prime; mouse_wheel=\u00a0\u00bboff\u00a0\u00bb use_grayscale_filter=\u00a0\u00bbon\u00a0\u00bb grayscale_filter_amount=\u00a0\u00bb50&Prime; admin_label=\u00a0\u00bbEastern Townships Map\u00a0\u00bb _builder_version=\u00a0\u00bb3.0.91&Prime; child_filter_saturate=\u00a0\u00bb50%\u00a0\u00bb][et_pb_map_pin title=\u00a0\u00bbMontreal Tao Sangha\u00a0\u00bb pin_address=\u00a0\u00bb2000 Avenue Northcliffe #302, Montr\u00e9al, QC H4A 1Z4, Canada\u00a0\u00bb pin_address_lat=\u00a0\u00bb45.4732911&Prime; pin_address_lng=\u00a0\u00bb-73.60563789999998&Prime; _builder_version=\u00a0\u00bb3.0.47&Prime;] [\/et_pb_map_pin][\/et_pb_map][\/et_pb_column][\/et_pb_row][\/et_pb_section]<\/p>\n","protected":false},"excerpt":{"rendered":"<p>[et_pb_section fb_built=\u00a0\u00bb1&Prime; fullwidth=\u00a0\u00bbon\u00a0\u00bb custom_padding_last_edited=\u00a0\u00bbon|desktop\u00a0\u00bb _builder_version=\u00a0\u00bb4.3.3&Prime; background_image=\u00a0\u00bbhttps:\/\/taoshiatsutherapy.com\/wp-content\/uploads\/2016\/12\/The-Eastern-Townships-000083202631_Large.jpg\u00a0\u00bb custom_padding=\u00a0\u00bb||0px|\u00a0\u00bb custom_padding_tablet=\u00a0\u00bb50px|0|50px|0&Prime; custom_padding_phone=\u00a0\u00bb\u00a0\u00bb hover_enabled=\u00a0\u00bb0&Prime; transparent_background=\u00a0\u00bboff\u00a0\u00bb padding_mobile=\u00a0\u00bboff\u00a0\u00bb make_fullwidth=\u00a0\u00bboff\u00a0\u00bb use_custom_width=\u00a0\u00bboff\u00a0\u00bb width_unit=\u00a0\u00bbon\u00a0\u00bb][et_pb_fullwidth_header title=\u00a0\u00bbEastern Townships Tao Shiatsu Centre\u00a0\u00bb text_orientation=\u00a0\u00bbcenter\u00a0\u00bb _builder_version=\u00a0\u00bb3.16&Prime; title_font_size=\u00a0\u00bb60px\u00a0\u00bb background_color=\u00a0\u00bbrgba(255, 255, 255, 0)\u00a0\u00bb max_width_tablet=\u00a0\u00bb50px\u00a0\u00bb custom_css_main_element=\u00a0\u00bbpadding-top:100px;||padding-bottom:50px;\u00a0\u00bb button_one_text_size__hover_enabled=\u00a0\u00bboff\u00a0\u00bb button_two_text_size__hover_enabled=\u00a0\u00bboff\u00a0\u00bb button_one_text_color__hover_enabled=\u00a0\u00bboff\u00a0\u00bb button_two_text_color__hover_enabled=\u00a0\u00bboff\u00a0\u00bb button_one_border_width__hover_enabled=\u00a0\u00bboff\u00a0\u00bb button_two_border_width__hover_enabled=\u00a0\u00bboff\u00a0\u00bb button_one_border_color__hover_enabled=\u00a0\u00bboff\u00a0\u00bb button_two_border_color__hover_enabled=\u00a0\u00bboff\u00a0\u00bb button_one_border_radius__hover_enabled=\u00a0\u00bboff\u00a0\u00bb button_two_border_radius__hover_enabled=\u00a0\u00bboff\u00a0\u00bb button_one_letter_spacing__hover_enabled=\u00a0\u00bboff\u00a0\u00bb button_two_letter_spacing__hover_enabled=\u00a0\u00bboff\u00a0\u00bb button_one_bg_color__hover_enabled=\u00a0\u00bboff\u00a0\u00bb button_two_bg_color__hover_enabled=\u00a0\u00bboff\u00a0\u00bb][\/et_pb_fullwidth_header][\/et_pb_section][et_pb_section fb_built=\u00a0\u00bb1&Prime; custom_padding_last_edited=\u00a0\u00bbon|desktop\u00a0\u00bb admin_label=\u00a0\u00bbsection\u00a0\u00bb _builder_version=\u00a0\u00bb3.22&Prime; custom_padding=\u00a0\u00bb0px||0px|\u00a0\u00bb custom_padding_tablet=\u00a0\u00bb50px|0|50px|0&Prime; custom_padding_phone=\u00a0\u00bb\u00a0\u00bb transparent_background=\u00a0\u00bboff\u00a0\u00bb padding_mobile=\u00a0\u00bboff\u00a0\u00bb make_fullwidth=\u00a0\u00bboff\u00a0\u00bb use_custom_width=\u00a0\u00bboff\u00a0\u00bb width_unit=\u00a0\u00bbon\u00a0\u00bb][et_pb_row [&hellip;]<\/p>\n","protected":false},"author":3,"featured_media":0,"parent":0,"menu_order":0,"comment_status":"closed","ping_status":"closed","template":"","meta":{"_monsterinsights_skip_tracking":false,"_monsterinsights_sitenote_active":false,"_monsterinsights_sitenote_note":"","_monsterinsights_sitenote_category":0,"footnotes":""},"class_list":["post-46679","page","type-page","status-publish","hentry"],"aioseo_notices":[],"yoast_head":"<!-- This site is optimized with the Yoast SEO plugin v26.8 - https:\/\/yoast.com\/product\/yoast-seo-wordpress\/ -->\n<title>R\u00e9servez une s\u00e9ance de th\u00e9rapie Tao Shiatsu dans les Cantons-de-l&#039;Est<\/title>\n<meta name=\"description\" content=\"R\u00e9servez une s\u00e9ance de th\u00e9rapie Tao Shiatsu dans les Cantons-de-l&#039;Est. Le Tao Shiatsu est une m\u00e9thode de gu\u00e9rison japonaise r\u00e9volutionnaire transmise par des moines bouddhistes. Plus d&#039;informations.\" \/>\n<meta name=\"robots\" content=\"index, follow, max-snippet:-1, max-image-preview:large, max-video-preview:-1\" \/>\n<link rel=\"canonical\" href=\"https:\/\/taoshiatsutherapy.com\/fr\/eastern-townships-tao-sangha-booking\/\" \/>\n<meta property=\"og:locale\" content=\"fr_FR\" \/>\n<meta property=\"og:type\" content=\"article\" \/>\n<meta property=\"og:title\" content=\"R\u00e9servez une s\u00e9ance de th\u00e9rapie Tao Shiatsu dans les Cantons-de-l&#039;Est\" \/>\n<meta property=\"og:description\" content=\"R\u00e9servez une s\u00e9ance de th\u00e9rapie Tao Shiatsu dans les Cantons-de-l&#039;Est. Le Tao Shiatsu est une m\u00e9thode de gu\u00e9rison japonaise r\u00e9volutionnaire transmise par des moines bouddhistes. Plus d&#039;informations.\" \/>\n<meta property=\"og:url\" content=\"https:\/\/taoshiatsutherapy.com\/fr\/eastern-townships-tao-sangha-booking\/\" \/>\n<meta property=\"og:site_name\" content=\"Tao Shiatsu Therapy\" \/>\n<meta property=\"article:publisher\" content=\"https:\/\/www.facebook.com\/TaoSanghaGlobalCommunity\/\" \/>\n<meta property=\"article:modified_time\" content=\"2026-02-02T22:28:49+00:00\" \/>\n<meta name=\"twitter:card\" content=\"summary_large_image\" \/>\n<meta name=\"twitter:label1\" content=\"Dur\u00e9e de lecture estim\u00e9e\" \/>\n\t<meta name=\"twitter:data1\" content=\"3 minutes\" \/>\n<script type=\"application\/ld+json\" class=\"yoast-schema-graph\">{\"@context\":\"https:\/\/schema.org\",\"@graph\":[{\"@type\":\"WebPage\",\"@id\":\"https:\/\/taoshiatsutherapy.com\/fr\/eastern-townships-tao-sangha-booking\/\",\"url\":\"https:\/\/taoshiatsutherapy.com\/fr\/eastern-townships-tao-sangha-booking\/\",\"name\":\"R\u00e9servez une s\u00e9ance de th\u00e9rapie Tao Shiatsu dans les Cantons-de-l'Est\",\"isPartOf\":{\"@id\":\"https:\/\/taoshiatsutherapy.com\/fr\/#website\"},\"datePublished\":\"2017-01-08T19:39:25+00:00\",\"dateModified\":\"2026-02-02T22:28:49+00:00\",\"description\":\"R\u00e9servez une s\u00e9ance de th\u00e9rapie Tao Shiatsu dans les Cantons-de-l'Est. Le Tao Shiatsu est une m\u00e9thode de gu\u00e9rison japonaise r\u00e9volutionnaire transmise par des moines bouddhistes. Plus d'informations.\",\"breadcrumb\":{\"@id\":\"https:\/\/taoshiatsutherapy.com\/fr\/eastern-townships-tao-sangha-booking\/#breadcrumb\"},\"inLanguage\":\"fr-FR\",\"potentialAction\":[{\"@type\":\"ReadAction\",\"target\":[\"https:\/\/taoshiatsutherapy.com\/fr\/eastern-townships-tao-sangha-booking\/\"]}]},{\"@type\":\"BreadcrumbList\",\"@id\":\"https:\/\/taoshiatsutherapy.com\/fr\/eastern-townships-tao-sangha-booking\/#breadcrumb\",\"itemListElement\":[{\"@type\":\"ListItem\",\"position\":1,\"name\":\"Home\",\"item\":\"https:\/\/taoshiatsutherapy.com\/fr\/\"},{\"@type\":\"ListItem\",\"position\":2,\"name\":\"Eastern Townships Booking\"}]},{\"@type\":\"WebSite\",\"@id\":\"https:\/\/taoshiatsutherapy.com\/fr\/#website\",\"url\":\"https:\/\/taoshiatsutherapy.com\/fr\/\",\"name\":\"Tao Shiatsu Therapy\",\"description\":\"\",\"publisher\":{\"@id\":\"https:\/\/taoshiatsutherapy.com\/fr\/#organization\"},\"potentialAction\":[{\"@type\":\"SearchAction\",\"target\":{\"@type\":\"EntryPoint\",\"urlTemplate\":\"https:\/\/taoshiatsutherapy.com\/fr\/?s={search_term_string}\"},\"query-input\":{\"@type\":\"PropertyValueSpecification\",\"valueRequired\":true,\"valueName\":\"search_term_string\"}}],\"inLanguage\":\"fr-FR\"},{\"@type\":\"Organization\",\"@id\":\"https:\/\/taoshiatsutherapy.com\/fr\/#organization\",\"name\":\"Tao Shiatsu\",\"url\":\"https:\/\/taoshiatsutherapy.com\/fr\/\",\"logo\":{\"@type\":\"ImageObject\",\"inLanguage\":\"fr-FR\",\"@id\":\"https:\/\/taoshiatsutherapy.com\/fr\/#\/schema\/logo\/image\/\",\"url\":\"https:\/\/taoshiatsutherapy.com\/wp-content\/uploads\/2014\/01\/tao_sangha_japan.png\",\"contentUrl\":\"https:\/\/taoshiatsutherapy.com\/wp-content\/uploads\/2014\/01\/tao_sangha_japan.png\",\"width\":250,\"height\":259,\"caption\":\"Tao Shiatsu\"},\"image\":{\"@id\":\"https:\/\/taoshiatsutherapy.com\/fr\/#\/schema\/logo\/image\/\"},\"sameAs\":[\"https:\/\/www.facebook.com\/TaoSanghaGlobalCommunity\/\",\"https:\/\/www.youtube.com\/user\/TaoSanghaNA\"]}]}<\/script>\n<!-- \/ Yoast SEO plugin. -->","yoast_head_json":{"title":"R\u00e9servez une s\u00e9ance de th\u00e9rapie Tao Shiatsu dans les Cantons-de-l'Est","description":"R\u00e9servez une s\u00e9ance de th\u00e9rapie Tao Shiatsu dans les Cantons-de-l'Est. Le Tao Shiatsu est une m\u00e9thode de gu\u00e9rison japonaise r\u00e9volutionnaire transmise par des moines bouddhistes. Plus d'informations.","robots":{"index":"index","follow":"follow","max-snippet":"max-snippet:-1","max-image-preview":"max-image-preview:large","max-video-preview":"max-video-preview:-1"},"canonical":"https:\/\/taoshiatsutherapy.com\/fr\/eastern-townships-tao-sangha-booking\/","og_locale":"fr_FR","og_type":"article","og_title":"R\u00e9servez une s\u00e9ance de th\u00e9rapie Tao Shiatsu dans les Cantons-de-l'Est","og_description":"R\u00e9servez une s\u00e9ance de th\u00e9rapie Tao Shiatsu dans les Cantons-de-l'Est. Le Tao Shiatsu est une m\u00e9thode de gu\u00e9rison japonaise r\u00e9volutionnaire transmise par des moines bouddhistes. Plus d'informations.","og_url":"https:\/\/taoshiatsutherapy.com\/fr\/eastern-townships-tao-sangha-booking\/","og_site_name":"Tao Shiatsu Therapy","article_publisher":"https:\/\/www.facebook.com\/TaoSanghaGlobalCommunity\/","article_modified_time":"2026-02-02T22:28:49+00:00","twitter_card":"summary_large_image","twitter_misc":{"Dur\u00e9e de lecture estim\u00e9e":"3 minutes"},"schema":{"@context":"https:\/\/schema.org","@graph":[{"@type":"WebPage","@id":"https:\/\/taoshiatsutherapy.com\/fr\/eastern-townships-tao-sangha-booking\/","url":"https:\/\/taoshiatsutherapy.com\/fr\/eastern-townships-tao-sangha-booking\/","name":"R\u00e9servez une s\u00e9ance de th\u00e9rapie Tao Shiatsu dans les Cantons-de-l'Est","isPartOf":{"@id":"https:\/\/taoshiatsutherapy.com\/fr\/#website"},"datePublished":"2017-01-08T19:39:25+00:00","dateModified":"2026-02-02T22:28:49+00:00","description":"R\u00e9servez une s\u00e9ance de th\u00e9rapie Tao Shiatsu dans les Cantons-de-l'Est. Le Tao Shiatsu est une m\u00e9thode de gu\u00e9rison japonaise r\u00e9volutionnaire transmise par des moines bouddhistes. Plus d'informations.","breadcrumb":{"@id":"https:\/\/taoshiatsutherapy.com\/fr\/eastern-townships-tao-sangha-booking\/#breadcrumb"},"inLanguage":"fr-FR","potentialAction":[{"@type":"ReadAction","target":["https:\/\/taoshiatsutherapy.com\/fr\/eastern-townships-tao-sangha-booking\/"]}]},{"@type":"BreadcrumbList","@id":"https:\/\/taoshiatsutherapy.com\/fr\/eastern-townships-tao-sangha-booking\/#breadcrumb","itemListElement":[{"@type":"ListItem","position":1,"name":"Home","item":"https:\/\/taoshiatsutherapy.com\/fr\/"},{"@type":"ListItem","position":2,"name":"Eastern Townships Booking"}]},{"@type":"WebSite","@id":"https:\/\/taoshiatsutherapy.com\/fr\/#website","url":"https:\/\/taoshiatsutherapy.com\/fr\/","name":"Tao Shiatsu Therapy","description":"","publisher":{"@id":"https:\/\/taoshiatsutherapy.com\/fr\/#organization"},"potentialAction":[{"@type":"SearchAction","target":{"@type":"EntryPoint","urlTemplate":"https:\/\/taoshiatsutherapy.com\/fr\/?s={search_term_string}"},"query-input":{"@type":"PropertyValueSpecification","valueRequired":true,"valueName":"search_term_string"}}],"inLanguage":"fr-FR"},{"@type":"Organization","@id":"https:\/\/taoshiatsutherapy.com\/fr\/#organization","name":"Tao Shiatsu","url":"https:\/\/taoshiatsutherapy.com\/fr\/","logo":{"@type":"ImageObject","inLanguage":"fr-FR","@id":"https:\/\/taoshiatsutherapy.com\/fr\/#\/schema\/logo\/image\/","url":"https:\/\/taoshiatsutherapy.com\/wp-content\/uploads\/2014\/01\/tao_sangha_japan.png","contentUrl":"https:\/\/taoshiatsutherapy.com\/wp-content\/uploads\/2014\/01\/tao_sangha_japan.png","width":250,"height":259,"caption":"Tao Shiatsu"},"image":{"@id":"https:\/\/taoshiatsutherapy.com\/fr\/#\/schema\/logo\/image\/"},"sameAs":["https:\/\/www.facebook.com\/TaoSanghaGlobalCommunity\/","https:\/\/www.youtube.com\/user\/TaoSanghaNA"]}]}},"_links":{"self":[{"href":"https:\/\/taoshiatsutherapy.com\/fr\/wp-json\/wp\/v2\/pages\/46679","targetHints":{"allow":["GET"]}}],"collection":[{"href":"https:\/\/taoshiatsutherapy.com\/fr\/wp-json\/wp\/v2\/pages"}],"about":[{"href":"https:\/\/taoshiatsutherapy.com\/fr\/wp-json\/wp\/v2\/types\/page"}],"author":[{"embeddable":true,"href":"https:\/\/taoshiatsutherapy.com\/fr\/wp-json\/wp\/v2\/users\/3"}],"replies":[{"embeddable":true,"href":"https:\/\/taoshiatsutherapy.com\/fr\/wp-json\/wp\/v2\/comments?post=46679"}],"version-history":[{"count":7,"href":"https:\/\/taoshiatsutherapy.com\/fr\/wp-json\/wp\/v2\/pages\/46679\/revisions"}],"predecessor-version":[{"id":52911,"href":"https:\/\/taoshiatsutherapy.com\/fr\/wp-json\/wp\/v2\/pages\/46679\/revisions\/52911"}],"wp:attachment":[{"href":"https:\/\/taoshiatsutherapy.com\/fr\/wp-json\/wp\/v2\/media?parent=46679"}],"curies":[{"name":"wp","href":"https:\/\/api.w.org\/{rel}","templated":true}]}}